{"id":1048,"date":"2020-05-04T17:13:52","date_gmt":"2020-05-04T17:13:52","guid":{"rendered":"https:\/\/protocoltoday.nl\/?page_id=1048"},"modified":"2025-03-19T16:35:04","modified_gmt":"2025-03-19T16:35:04","slug":"especialista-practicante-con-la-licencia-de-la-academia-de-protocol-today","status":"publish","type":"page","link":"https:\/\/protocoltoday.nl\/es\/especialista-practicante-con-la-licencia-de-la-academia-de-protocol-today\/","title":{"rendered":"ESPECIALISTA PRACTICANTE CON LICENCIA DE LA ACADEMIA DE PROTOCOL TODAY"},"content":{"rendered":"\t\t<div data-elementor-type=\"wp-post\" data-elementor-id=\"1048\" class=\"elementor elementor-1048\" data-elementor-post-type=\"page\">\n\t\t\t\t\t\t<section class=\"elementor-section elementor-top-section elementor-element elementor-element-75c5ba0 elementor-section-stretched elementor-section-height-min-height elementor-section-boxed elementor-section-height-default elementor-section-items-middle\" data-id=\"75c5ba0\" data-element_type=\"section\" data-e-type=\"section\" data-settings=\"{&quot;stretch_section&quot;:&quot;section-stretched&quot;,&quot;background_background&quot;:&quot;classic&quot;}\">\n\t\t\t\t\t\t\t<div class=\"elementor-background-overlay\"><\/div>\n\t\t\t\t\t\t\t<div class=\"elementor-container elementor-column-gap-default\">\n\t\t\t\t\t<div class=\"elementor-column elementor-col-100 elementor-top-column elementor-element elementor-element-d0445e3\" data-id=\"d0445e3\" data-element_type=\"column\" data-e-type=\"column\">\n\t\t\t<div class=\"elementor-widget-wrap\">\n\t\t\t\t\t\t\t<\/div>\n\t\t<\/div>\n\t\t\t\t\t<\/div>\n\t\t<\/section>\n\t\t\t\t<section class=\"elementor-section elementor-top-section elementor-element elementor-element-b1ee7b2 elementor-section-boxed elementor-section-height-default elementor-section-height-default\" data-id=\"b1ee7b2\" data-element_type=\"section\" data-e-type=\"section\">\n\t\t\t\t\t\t<div class=\"elementor-container elementor-column-gap-default\">\n\t\t\t\t\t<div class=\"elementor-column elementor-col-100 elementor-top-column elementor-element elementor-element-6f279d0\" data-id=\"6f279d0\" data-element_type=\"column\" data-e-type=\"column\">\n\t\t\t<div class=\"elementor-widget-wrap elementor-element-populated\">\n\t\t\t\t\t\t<div class=\"elementor-element elementor-element-5a7634d elementor-widget elementor-widget-spacer\" data-id=\"5a7634d\" data-element_type=\"widget\" data-e-type=\"widget\" data-widget_type=\"spacer.default\">\n\t\t\t\t<div class=\"elementor-widget-container\">\n\t\t\t\t\t\t\t<div class=\"elementor-spacer\">\n\t\t\t<div class=\"elementor-spacer-inner\"><\/div>\n\t\t<\/div>\n\t\t\t\t\t\t<\/div>\n\t\t\t\t<\/div>\n\t\t\t\t\t<\/div>\n\t\t<\/div>\n\t\t\t\t\t<\/div>\n\t\t<\/section>\n\t\t\t\t<section class=\"elementor-section elementor-top-section elementor-element elementor-element-7471257 elementor-section-boxed elementor-section-height-default elementor-section-height-default\" data-id=\"7471257\" data-element_type=\"section\" data-e-type=\"section\">\n\t\t\t\t\t\t<div class=\"elementor-container elementor-column-gap-default\">\n\t\t\t\t\t<div class=\"elementor-column elementor-col-50 elementor-top-column elementor-element elementor-element-187f2a5\" data-id=\"187f2a5\" data-element_type=\"column\" data-e-type=\"column\">\n\t\t\t<div class=\"elementor-widget-wrap\">\n\t\t\t\t\t\t\t<\/div>\n\t\t<\/div>\n\t\t\t\t<div class=\"elementor-column elementor-col-50 elementor-top-column elementor-element elementor-element-039912b\" data-id=\"039912b\" data-element_type=\"column\" data-e-type=\"column\">\n\t\t\t<div class=\"elementor-widget-wrap elementor-element-populated\">\n\t\t\t\t\t\t<div class=\"elementor-element elementor-element-ef3aada elementor-widget elementor-widget-text-editor\" data-id=\"ef3aada\" data-element_type=\"widget\" data-e-type=\"widget\" data-widget_type=\"text-editor.default\">\n\t\t\t\t<div class=\"elementor-widget-container\">\n\t\t\t\t\t\t\t\t\t<p>Convi\u00e9rtase en un practicante especialista reconocido por la academia de ProtocolToday\u00a9 con licencia para capacitar a los l\u00edderes y gerentes locales para funcionar de una manera natural alrededor del mundo.<\/p>\t\t\t\t\t\t\t\t<\/div>\n\t\t\t\t<\/div>\n\t\t\t\t\t<\/div>\n\t\t<\/div>\n\t\t\t\t\t<\/div>\n\t\t<\/section>\n\t\t\t\t<section class=\"elementor-section elementor-top-section elementor-element elementor-element-f7570d1 elementor-section-boxed elementor-section-height-default elementor-section-height-default\" data-id=\"f7570d1\" data-element_type=\"section\" data-e-type=\"section\">\n\t\t\t\t\t\t<div class=\"elementor-container elementor-column-gap-default\">\n\t\t\t\t\t<div class=\"elementor-column elementor-col-100 elementor-top-column elementor-element elementor-element-b04c8ba\" data-id=\"b04c8ba\" data-element_type=\"column\" data-e-type=\"column\">\n\t\t\t<div class=\"elementor-widget-wrap elementor-element-populated\">\n\t\t\t\t\t\t<div class=\"elementor-element elementor-element-a88d4bb elementor-widget elementor-widget-spacer\" data-id=\"a88d4bb\" data-element_type=\"widget\" data-e-type=\"widget\" data-widget_type=\"spacer.default\">\n\t\t\t\t<div class=\"elementor-widget-container\">\n\t\t\t\t\t\t\t<div class=\"elementor-spacer\">\n\t\t\t<div class=\"elementor-spacer-inner\"><\/div>\n\t\t<\/div>\n\t\t\t\t\t\t<\/div>\n\t\t\t\t<\/div>\n\t\t\t\t\t<\/div>\n\t\t<\/div>\n\t\t\t\t\t<\/div>\n\t\t<\/section>\n\t\t\t\t<section class=\"elementor-section elementor-top-section elementor-element elementor-element-1d4891b elementor-section-boxed elementor-section-height-default elementor-section-height-default\" data-id=\"1d4891b\" data-element_type=\"section\" data-e-type=\"section\" data-settings=\"{&quot;background_background&quot;:&quot;classic&quot;}\">\n\t\t\t\t\t\t<div class=\"elementor-container elementor-column-gap-default\">\n\t\t\t\t\t<div class=\"elementor-column elementor-col-50 elementor-top-column elementor-element elementor-element-be10710\" data-id=\"be10710\" data-element_type=\"column\" data-e-type=\"column\">\n\t\t\t<div class=\"elementor-widget-wrap elementor-element-populated\">\n\t\t\t\t\t\t<div class=\"elementor-element elementor-element-ad62769 elementor-widget elementor-widget-text-editor\" data-id=\"ad62769\" data-element_type=\"widget\" data-e-type=\"widget\" data-widget_type=\"text-editor.default\">\n\t\t\t\t<div class=\"elementor-widget-container\">\n\t\t\t\t\t\t\t\t\t<p><span class=\"s1\">Este programa est\u00e1 dise\u00f1ado para capacitarle como entrenador, \u00a0convirti\u00e9ndose en un especialista competente para empoderar a otros l\u00edderes en los programas de las clases magistrales de ProtocolToday bajo la licencia y apoyo de ProtocolToday Academy.<\/span><\/p>\t\t\t\t\t\t\t\t<\/div>\n\t\t\t\t<\/div>\n\t\t\t\t\t<\/div>\n\t\t<\/div>\n\t\t\t\t<div class=\"elementor-column elementor-col-50 elementor-top-column elementor-element elementor-element-6a8749e\" data-id=\"6a8749e\" data-element_type=\"column\" data-e-type=\"column\">\n\t\t\t<div class=\"elementor-widget-wrap elementor-element-populated\">\n\t\t\t\t\t\t<div class=\"elementor-element elementor-element-89f5184 elementor-widget elementor-widget-text-editor\" data-id=\"89f5184\" data-element_type=\"widget\" data-e-type=\"widget\" data-widget_type=\"text-editor.default\">\n\t\t\t\t<div class=\"elementor-widget-container\">\n\t\t\t\t\t\t\t\t\t<p class=\"p1\"><span class=\"s1\"><b>Temas clave incluyen<\/b><\/span><b>:<\/b><\/p><ul><li><span class=\"s1\">Modelo de la capacitaci\u00f3n de PTA: modelo mental para el desempe\u00f1o de los entrenamientos;<\/span><\/li><li>Dise\u00f1o del plan de proceso: alineaci\u00f3n de misi\u00f3n, objetivos y resultados;<\/li><li><span class=\"s1\">Dise\u00f1o de procesos para respaldar un enfoque de rendimiento.<\/span><span class=\"s2\"><br \/><\/span><\/li><li style=\"list-style-type: none;\">\u00a0<\/li><\/ul>\t\t\t\t\t\t\t\t<\/div>\n\t\t\t\t<\/div>\n\t\t\t\t\t<\/div>\n\t\t<\/div>\n\t\t\t\t\t<\/div>\n\t\t<\/section>\n\t\t\t\t<section class=\"elementor-section elementor-top-section elementor-element elementor-element-9b0780a elementor-section-boxed elementor-section-height-default elementor-section-height-default\" data-id=\"9b0780a\" data-element_type=\"section\" data-e-type=\"section\">\n\t\t\t\t\t\t<div class=\"elementor-container elementor-column-gap-default\">\n\t\t\t\t\t<div class=\"elementor-column elementor-col-100 elementor-top-column elementor-element elementor-element-a26f98f\" data-id=\"a26f98f\" data-element_type=\"column\" data-e-type=\"column\">\n\t\t\t<div class=\"elementor-widget-wrap elementor-element-populated\">\n\t\t\t\t\t\t<div class=\"elementor-element elementor-element-6e472cd elementor-align-center elementor-widget elementor-widget-button\" data-id=\"6e472cd\" data-element_type=\"widget\" data-e-type=\"widget\" data-widget_type=\"button.default\">\n\t\t\t\t<div class=\"elementor-widget-container\">\n\t\t\t\t\t\t\t\t\t<div class=\"elementor-button-wrapper\">\n\t\t\t\t\t<a class=\"elementor-button elementor-button-link elementor-size-sm\" href=\"https:\/\/issuu.com\/protocoltodaymagazine\/docs\/conviertas_en_un_pr_cticante_con_licencia_de_prot\" target=\"_blank\">\n\t\t\t\t\t\t<span class=\"elementor-button-content-wrapper\">\n\t\t\t\t\t\t<span class=\"elementor-button-icon\">\n\t\t\t\t<i aria-hidden=\"true\" class=\"far fa-file-pdf\"><\/i>\t\t\t<\/span>\n\t\t\t\t\t\t\t\t\t<span class=\"elementor-button-text\">Folleto<\/span>\n\t\t\t\t\t<\/span>\n\t\t\t\t\t<\/a>\n\t\t\t\t<\/div>\n\t\t\t\t\t\t\t\t<\/div>\n\t\t\t\t<\/div>\n\t\t\t\t\t<\/div>\n\t\t<\/div>\n\t\t\t\t\t<\/div>\n\t\t<\/section>\n\t\t\t\t<section class=\"elementor-section elementor-top-section elementor-element elementor-element-f83d33e elementor-section-boxed elementor-section-height-default elementor-section-height-default\" data-id=\"f83d33e\" data-element_type=\"section\" data-e-type=\"section\">\n\t\t\t\t\t\t<div class=\"elementor-container elementor-column-gap-default\">\n\t\t\t\t\t<div class=\"elementor-column elementor-col-100 elementor-top-column elementor-element elementor-element-9910b88\" data-id=\"9910b88\" data-element_type=\"column\" data-e-type=\"column\">\n\t\t\t<div class=\"elementor-widget-wrap elementor-element-populated\">\n\t\t\t\t\t\t<div class=\"elementor-element elementor-element-0f7f52b elementor-widget elementor-widget-spacer\" data-id=\"0f7f52b\" data-element_type=\"widget\" data-e-type=\"widget\" data-widget_type=\"spacer.default\">\n\t\t\t\t<div class=\"elementor-widget-container\">\n\t\t\t\t\t\t\t<div class=\"elementor-spacer\">\n\t\t\t<div class=\"elementor-spacer-inner\"><\/div>\n\t\t<\/div>\n\t\t\t\t\t\t<\/div>\n\t\t\t\t<\/div>\n\t\t\t\t<div class=\"elementor-element elementor-element-0b62836 elementor-align-center elementor-widget elementor-widget-button\" data-id=\"0b62836\" data-element_type=\"widget\" data-e-type=\"widget\" data-widget_type=\"button.default\">\n\t\t\t\t<div class=\"elementor-widget-container\">\n\t\t\t\t\t\t\t\t\t<div class=\"elementor-button-wrapper\">\n\t\t\t\t\t<a class=\"elementor-button elementor-button-link elementor-size-sm\" href=\"https:\/\/protocoltoday.nl\/es\/conviertase-en-un-practicante-con-licencia-de-protocoltoday\/\" target=\"_blank\">\n\t\t\t\t\t\t<span class=\"elementor-button-content-wrapper\">\n\t\t\t\t\t\t<span class=\"elementor-button-icon\">\n\t\t\t\t<i aria-hidden=\"true\" class=\"fas fa-graduation-cap\"><\/i>\t\t\t<\/span>\n\t\t\t\t\t\t\t\t\t<span class=\"elementor-button-text\">M\u00e1s informaci\u00f3n y registro<\/span>\n\t\t\t\t\t<\/span>\n\t\t\t\t\t<\/a>\n\t\t\t\t<\/div>\n\t\t\t\t\t\t\t\t<\/div>\n\t\t\t\t<\/div>\n\t\t\t\t<div class=\"elementor-element elementor-element-55c38fa elementor-widget elementor-widget-spacer\" data-id=\"55c38fa\" data-element_type=\"widget\" data-e-type=\"widget\" data-widget_type=\"spacer.default\">\n\t\t\t\t<div class=\"elementor-widget-container\">\n\t\t\t\t\t\t\t<div class=\"elementor-spacer\">\n\t\t\t<div class=\"elementor-spacer-inner\"><\/div>\n\t\t<\/div>\n\t\t\t\t\t\t<\/div>\n\t\t\t\t<\/div>\n\t\t\t\t\t<\/div>\n\t\t<\/div>\n\t\t\t\t\t<\/div>\n\t\t<\/section>\n\t\t\t\t<\/div>\n\t\t","protected":false},"excerpt":{"rendered":"<p>ESPECIALISTA PRACTICANTE CON LICENCIA DE LA ACADEMIA DE PROTOCOLTODAY HOME \/ ACADEMIA \/ Especialista Practicante con licencia de la Academia de ProtocolToday Programas Masterclass Especialista Practicante con licencia de la Academia de ProtocolToday Convi\u00e9rtase en un practicante especialista reconocido por la academia de ProtocolToday\u00a9 con licencia para capacitar a los l\u00edderes y gerentes locales para [&hellip;]<\/p>\n","protected":false},"author":1,"featured_media":0,"parent":0,"menu_order":0,"comment_status":"closed","ping_status":"closed","template":"elementor_header_footer","meta":{"_angie_page":false,"footnotes":""},"class_list":["post-1048","page","type-page","status-publish","hentry"],"yoast_head":"<!-- This site is optimized with the Yoast SEO plugin v27.4 - https:\/\/yoast.com\/product\/yoast-seo-wordpress\/ -->\n<title>ESPECIALISTA PRACTICANTE CON LICENCIA DE LA ACADEMIA DE PROTOCOL TODAY - Protocol Today<\/title>\n<meta name=\"robots\" content=\"index, follow, max-snippet:-1, max-image-preview:large, max-video-preview:-1\" \/>\n<link rel=\"canonical\" href=\"https:\/\/protocoltoday.nl\/specialist-licensed-from-the-today-protocol-academy\/\" \/>\n<meta property=\"og:locale\" content=\"es_ES\" \/>\n<meta property=\"og:type\" content=\"article\" \/>\n<meta property=\"og:title\" content=\"ESPECIALISTA PRACTICANTE CON LICENCIA DE LA ACADEMIA DE PROTOCOL TODAY - Protocol Today\" \/>\n<meta property=\"og:description\" content=\"ESPECIALISTA PRACTICANTE CON LICENCIA DE LA ACADEMIA DE PROTOCOLTODAY HOME \/ ACADEMIA \/ Especialista Practicante con licencia de la Academia de ProtocolToday Programas Masterclass Especialista Practicante con licencia de la Academia de ProtocolToday Convi\u00e9rtase en un practicante especialista reconocido por la academia de ProtocolToday\u00a9 con licencia para capacitar a los l\u00edderes y gerentes locales para [&hellip;]\" \/>\n<meta property=\"og:url\" content=\"https:\/\/protocoltoday.nl\/specialist-licensed-from-the-today-protocol-academy\/\" \/>\n<meta property=\"og:site_name\" content=\"Protocol Today\" \/>\n<meta property=\"article:modified_time\" content=\"2025-03-19T16:35:04+00:00\" \/>\n<meta name=\"twitter:card\" content=\"summary_large_image\" \/>\n<meta name=\"twitter:label1\" content=\"Tiempo de lectura\" \/>\n\t<meta name=\"twitter:data1\" content=\"1 minuto\" \/>\n<script type=\"application\/ld+json\" class=\"yoast-schema-graph\">{\"@context\":\"https:\\\/\\\/schema.org\",\"@graph\":[{\"@type\":\"WebPage\",\"@id\":\"https:\\\/\\\/protocoltoday.nl\\\/specialist-licensed-from-the-today-protocol-academy\\\/\",\"url\":\"https:\\\/\\\/protocoltoday.nl\\\/specialist-licensed-from-the-today-protocol-academy\\\/\",\"name\":\"ESPECIALISTA PRACTICANTE CON LICENCIA DE LA ACADEMIA DE PROTOCOL TODAY - Protocol Today\",\"isPartOf\":{\"@id\":\"https:\\\/\\\/protocoltoday.nl\\\/#website\"},\"datePublished\":\"2020-05-04T17:13:52+00:00\",\"dateModified\":\"2025-03-19T16:35:04+00:00\",\"breadcrumb\":{\"@id\":\"https:\\\/\\\/protocoltoday.nl\\\/specialist-licensed-from-the-today-protocol-academy\\\/#breadcrumb\"},\"inLanguage\":\"es\",\"potentialAction\":[{\"@type\":\"ReadAction\",\"target\":[\"https:\\\/\\\/protocoltoday.nl\\\/specialist-licensed-from-the-today-protocol-academy\\\/\"]}]},{\"@type\":\"BreadcrumbList\",\"@id\":\"https:\\\/\\\/protocoltoday.nl\\\/specialist-licensed-from-the-today-protocol-academy\\\/#breadcrumb\",\"itemListElement\":[{\"@type\":\"ListItem\",\"position\":1,\"name\":\"Home\",\"item\":\"https:\\\/\\\/protocoltoday.nl\\\/\"},{\"@type\":\"ListItem\",\"position\":2,\"name\":\"ESPECIALISTA PRACTICANTE CON LICENCIA DE LA ACADEMIA DE PROTOCOL TODAY\"}]},{\"@type\":\"WebSite\",\"@id\":\"https:\\\/\\\/protocoltoday.nl\\\/#website\",\"url\":\"https:\\\/\\\/protocoltoday.nl\\\/\",\"name\":\"Protocol Today\",\"description\":\"Protocol &amp; Soft diplomacy consulting\",\"publisher\":{\"@id\":\"https:\\\/\\\/protocoltoday.nl\\\/#organization\"},\"potentialAction\":[{\"@type\":\"SearchAction\",\"target\":{\"@type\":\"EntryPoint\",\"urlTemplate\":\"https:\\\/\\\/protocoltoday.nl\\\/?s={search_term_string}\"},\"query-input\":{\"@type\":\"PropertyValueSpecification\",\"valueRequired\":true,\"valueName\":\"search_term_string\"}}],\"inLanguage\":\"es\"},{\"@type\":\"Organization\",\"@id\":\"https:\\\/\\\/protocoltoday.nl\\\/#organization\",\"name\":\"Protocol Today\",\"url\":\"https:\\\/\\\/protocoltoday.nl\\\/\",\"logo\":{\"@type\":\"ImageObject\",\"inLanguage\":\"es\",\"@id\":\"https:\\\/\\\/protocoltoday.nl\\\/#\\\/schema\\\/logo\\\/image\\\/\",\"url\":\"https:\\\/\\\/protocoltoday.nl\\\/wp-content\\\/uploads\\\/2021\\\/07\\\/Protocol-Today-Dark-Background-Transparency@3x.png\",\"contentUrl\":\"https:\\\/\\\/protocoltoday.nl\\\/wp-content\\\/uploads\\\/2021\\\/07\\\/Protocol-Today-Dark-Background-Transparency@3x.png\",\"width\":468,\"height\":213,\"caption\":\"Protocol Today\"},\"image\":{\"@id\":\"https:\\\/\\\/protocoltoday.nl\\\/#\\\/schema\\\/logo\\\/image\\\/\"}}]}<\/script>\n<!-- \/ Yoast SEO plugin. -->","yoast_head_json":{"title":"ESPECIALISTA PRACTICANTE CON LICENCIA DE LA ACADEMIA DE PROTOCOL TODAY - Protocol Today","robots":{"index":"index","follow":"follow","max-snippet":"max-snippet:-1","max-image-preview":"max-image-preview:large","max-video-preview":"max-video-preview:-1"},"canonical":"https:\/\/protocoltoday.nl\/specialist-licensed-from-the-today-protocol-academy\/","og_locale":"es_ES","og_type":"article","og_title":"ESPECIALISTA PRACTICANTE CON LICENCIA DE LA ACADEMIA DE PROTOCOL TODAY - Protocol Today","og_description":"ESPECIALISTA PRACTICANTE CON LICENCIA DE LA ACADEMIA DE PROTOCOLTODAY HOME \/ ACADEMIA \/ Especialista Practicante con licencia de la Academia de ProtocolToday Programas Masterclass Especialista Practicante con licencia de la Academia de ProtocolToday Convi\u00e9rtase en un practicante especialista reconocido por la academia de ProtocolToday\u00a9 con licencia para capacitar a los l\u00edderes y gerentes locales para [&hellip;]","og_url":"https:\/\/protocoltoday.nl\/specialist-licensed-from-the-today-protocol-academy\/","og_site_name":"Protocol Today","article_modified_time":"2025-03-19T16:35:04+00:00","twitter_card":"summary_large_image","twitter_misc":{"Tiempo de lectura":"1 minuto"},"schema":{"@context":"https:\/\/schema.org","@graph":[{"@type":"WebPage","@id":"https:\/\/protocoltoday.nl\/specialist-licensed-from-the-today-protocol-academy\/","url":"https:\/\/protocoltoday.nl\/specialist-licensed-from-the-today-protocol-academy\/","name":"ESPECIALISTA PRACTICANTE CON LICENCIA DE LA ACADEMIA DE PROTOCOL TODAY - Protocol Today","isPartOf":{"@id":"https:\/\/protocoltoday.nl\/#website"},"datePublished":"2020-05-04T17:13:52+00:00","dateModified":"2025-03-19T16:35:04+00:00","breadcrumb":{"@id":"https:\/\/protocoltoday.nl\/specialist-licensed-from-the-today-protocol-academy\/#breadcrumb"},"inLanguage":"es","potentialAction":[{"@type":"ReadAction","target":["https:\/\/protocoltoday.nl\/specialist-licensed-from-the-today-protocol-academy\/"]}]},{"@type":"BreadcrumbList","@id":"https:\/\/protocoltoday.nl\/specialist-licensed-from-the-today-protocol-academy\/#breadcrumb","itemListElement":[{"@type":"ListItem","position":1,"name":"Home","item":"https:\/\/protocoltoday.nl\/"},{"@type":"ListItem","position":2,"name":"ESPECIALISTA PRACTICANTE CON LICENCIA DE LA ACADEMIA DE PROTOCOL TODAY"}]},{"@type":"WebSite","@id":"https:\/\/protocoltoday.nl\/#website","url":"https:\/\/protocoltoday.nl\/","name":"Protocol Today","description":"Protocol &amp; Soft diplomacy consulting","publisher":{"@id":"https:\/\/protocoltoday.nl\/#organization"},"potentialAction":[{"@type":"SearchAction","target":{"@type":"EntryPoint","urlTemplate":"https:\/\/protocoltoday.nl\/?s={search_term_string}"},"query-input":{"@type":"PropertyValueSpecification","valueRequired":true,"valueName":"search_term_string"}}],"inLanguage":"es"},{"@type":"Organization","@id":"https:\/\/protocoltoday.nl\/#organization","name":"Protocol Today","url":"https:\/\/protocoltoday.nl\/","logo":{"@type":"ImageObject","inLanguage":"es","@id":"https:\/\/protocoltoday.nl\/#\/schema\/logo\/image\/","url":"https:\/\/protocoltoday.nl\/wp-content\/uploads\/2021\/07\/Protocol-Today-Dark-Background-Transparency@3x.png","contentUrl":"https:\/\/protocoltoday.nl\/wp-content\/uploads\/2021\/07\/Protocol-Today-Dark-Background-Transparency@3x.png","width":468,"height":213,"caption":"Protocol Today"},"image":{"@id":"https:\/\/protocoltoday.nl\/#\/schema\/logo\/image\/"}}]}},"_links":{"self":[{"href":"https:\/\/protocoltoday.nl\/es\/wp-json\/wp\/v2\/pages\/1048","targetHints":{"allow":["GET"]}}],"collection":[{"href":"https:\/\/protocoltoday.nl\/es\/wp-json\/wp\/v2\/pages"}],"about":[{"href":"https:\/\/protocoltoday.nl\/es\/wp-json\/wp\/v2\/types\/page"}],"author":[{"embeddable":true,"href":"https:\/\/protocoltoday.nl\/es\/wp-json\/wp\/v2\/users\/1"}],"replies":[{"embeddable":true,"href":"https:\/\/protocoltoday.nl\/es\/wp-json\/wp\/v2\/comments?post=1048"}],"version-history":[{"count":49,"href":"https:\/\/protocoltoday.nl\/es\/wp-json\/wp\/v2\/pages\/1048\/revisions"}],"predecessor-version":[{"id":30034,"href":"https:\/\/protocoltoday.nl\/es\/wp-json\/wp\/v2\/pages\/1048\/revisions\/30034"}],"wp:attachment":[{"href":"https:\/\/protocoltoday.nl\/es\/wp-json\/wp\/v2\/media?parent=1048"}],"curies":[{"name":"wp","href":"https:\/\/api.w.org\/{rel}","templated":true}]}}