{"id":1487,"date":"2020-05-13T10:23:59","date_gmt":"2020-05-13T10:23:59","guid":{"rendered":"https:\/\/protocoltoday.nl\/?page_id=1487"},"modified":"2026-02-13T16:11:15","modified_gmt":"2026-02-13T16:11:15","slug":"agenda-pasada","status":"publish","type":"page","link":"https:\/\/protocoltoday.nl\/es\/agenda-pasada\/","title":{"rendered":"Agenda pasada"},"content":{"rendered":"\t\t<div data-elementor-type=\"wp-page\" data-elementor-id=\"1487\" class=\"elementor elementor-1487\" data-elementor-post-type=\"page\">\n\t\t\t\t\t\t<section class=\"elementor-section elementor-top-section elementor-element elementor-element-559bccf elementor-section-boxed elementor-section-height-default elementor-section-height-default\" data-id=\"559bccf\" data-element_type=\"section\" data-e-type=\"section\">\n\t\t\t\t\t\t<div class=\"elementor-container elementor-column-gap-default\">\n\t\t\t\t\t<div class=\"elementor-column elementor-col-100 elementor-top-column elementor-element elementor-element-3d51acc\" data-id=\"3d51acc\" data-element_type=\"column\" data-e-type=\"column\">\n\t\t\t<div class=\"elementor-widget-wrap\">\n\t\t\t\t\t\t\t<\/div>\n\t\t<\/div>\n\t\t\t\t\t<\/div>\n\t\t<\/section>\n\t\t\t\t<section class=\"elementor-section elementor-top-section elementor-element elementor-element-b33e1f0 elementor-section-boxed elementor-section-height-default elementor-section-height-default\" data-id=\"b33e1f0\" data-element_type=\"section\" data-e-type=\"section\">\n\t\t\t\t\t\t<div class=\"elementor-container elementor-column-gap-default\">\n\t\t\t\t\t<div class=\"elementor-column elementor-col-100 elementor-top-column elementor-element elementor-element-7b35a1b\" data-id=\"7b35a1b\" data-element_type=\"column\" data-e-type=\"column\">\n\t\t\t<div class=\"elementor-widget-wrap elementor-element-populated\">\n\t\t\t\t\t\t<div class=\"elementor-element elementor-element-77903ad elementor-widget elementor-widget-spacer\" data-id=\"77903ad\" data-element_type=\"widget\" data-e-type=\"widget\" data-widget_type=\"spacer.default\">\n\t\t\t\t<div class=\"elementor-widget-container\">\n\t\t\t\t\t\t\t<div class=\"elementor-spacer\">\n\t\t\t<div class=\"elementor-spacer-inner\"><\/div>\n\t\t<\/div>\n\t\t\t\t\t\t<\/div>\n\t\t\t\t<\/div>\n\t\t\t\t<div class=\"elementor-element elementor-element-3081d2b elementor-widget elementor-widget-heading\" data-id=\"3081d2b\" data-element_type=\"widget\" data-e-type=\"widget\" data-widget_type=\"heading.default\">\n\t\t\t\t<div class=\"elementor-widget-container\">\n\t\t\t\t\t<h2 class=\"elementor-heading-title elementor-size-default\">Agenda pasada<\/h2>\t\t\t\t<\/div>\n\t\t\t\t<\/div>\n\t\t\t\t<div class=\"elementor-element elementor-element-a68de80 elementor-widget elementor-widget-spacer\" data-id=\"a68de80\" data-element_type=\"widget\" data-e-type=\"widget\" data-widget_type=\"spacer.default\">\n\t\t\t\t<div class=\"elementor-widget-container\">\n\t\t\t\t\t\t\t<div class=\"elementor-spacer\">\n\t\t\t<div class=\"elementor-spacer-inner\"><\/div>\n\t\t<\/div>\n\t\t\t\t\t\t<\/div>\n\t\t\t\t<\/div>\n\t\t\t\t<div class=\"elementor-element elementor-element-f55ab17 elementor-widget elementor-widget-text-editor\" data-id=\"f55ab17\" data-element_type=\"widget\" data-e-type=\"widget\" data-widget_type=\"text-editor.default\">\n\t\t\t\t<div class=\"elementor-widget-container\">\n\t\t\t\t\t\t\t\t\t<p>Protocol ha llevado los cursos de la Academia a diversos pa\u00edses durante varios a\u00f1os. En esta p\u00e1gina se pueden ver algunos de los cursos que hemos realizado.<\/p>\t\t\t\t\t\t\t\t<\/div>\n\t\t\t\t<\/div>\n\t\t\t\t<div class=\"elementor-element elementor-element-704006a elementor-widget elementor-widget-spacer\" data-id=\"704006a\" data-element_type=\"widget\" data-e-type=\"widget\" data-widget_type=\"spacer.default\">\n\t\t\t\t<div class=\"elementor-widget-container\">\n\t\t\t\t\t\t\t<div class=\"elementor-spacer\">\n\t\t\t<div class=\"elementor-spacer-inner\"><\/div>\n\t\t<\/div>\n\t\t\t\t\t\t<\/div>\n\t\t\t\t<\/div>\n\t\t\t\t\t<\/div>\n\t\t<\/div>\n\t\t\t\t\t<\/div>\n\t\t<\/section>\n\t\t\t\t<\/div>\n\t\t","protected":false},"excerpt":{"rendered":"<p>Agenda pasada Protocol ha llevado los cursos de la Academia a diversos pa\u00edses durante varios a\u00f1os. En esta p\u00e1gina se pueden ver algunos de los cursos que hemos realizado.<\/p>\n","protected":false},"author":1,"featured_media":0,"parent":0,"menu_order":0,"comment_status":"closed","ping_status":"closed","template":"","meta":{"_angie_page":false,"footnotes":""},"class_list":["post-1487","page","type-page","status-publish","hentry"],"yoast_head":"<!-- This site is optimized with the Yoast SEO plugin v27.4 - https:\/\/yoast.com\/product\/yoast-seo-wordpress\/ -->\n<title>Agenda pasada - Protocol Today<\/title>\n<meta name=\"robots\" content=\"index, follow, max-snippet:-1, max-image-preview:large, max-video-preview:-1\" \/>\n<link rel=\"canonical\" href=\"https:\/\/protocoltoday.nl\/past-agenda\/\" \/>\n<meta property=\"og:locale\" content=\"es_ES\" \/>\n<meta property=\"og:type\" content=\"article\" \/>\n<meta property=\"og:title\" content=\"Agenda pasada - Protocol Today\" \/>\n<meta property=\"og:description\" content=\"Agenda pasada Protocol ha llevado los cursos de la Academia a diversos pa\u00edses durante varios a\u00f1os. En esta p\u00e1gina se pueden ver algunos de los cursos que hemos realizado.\" \/>\n<meta property=\"og:url\" content=\"https:\/\/protocoltoday.nl\/past-agenda\/\" \/>\n<meta property=\"og:site_name\" content=\"Protocol Today\" \/>\n<meta property=\"article:modified_time\" content=\"2026-02-13T16:11:15+00:00\" \/>\n<meta name=\"twitter:card\" content=\"summary_large_image\" \/>\n<script type=\"application\/ld+json\" class=\"yoast-schema-graph\">{\"@context\":\"https:\\\/\\\/schema.org\",\"@graph\":[{\"@type\":\"WebPage\",\"@id\":\"https:\\\/\\\/protocoltoday.nl\\\/past-agenda\\\/\",\"url\":\"https:\\\/\\\/protocoltoday.nl\\\/past-agenda\\\/\",\"name\":\"Agenda pasada - Protocol Today\",\"isPartOf\":{\"@id\":\"https:\\\/\\\/protocoltoday.nl\\\/#website\"},\"datePublished\":\"2020-05-13T10:23:59+00:00\",\"dateModified\":\"2026-02-13T16:11:15+00:00\",\"breadcrumb\":{\"@id\":\"https:\\\/\\\/protocoltoday.nl\\\/past-agenda\\\/#breadcrumb\"},\"inLanguage\":\"es\",\"potentialAction\":[{\"@type\":\"ReadAction\",\"target\":[\"https:\\\/\\\/protocoltoday.nl\\\/past-agenda\\\/\"]}]},{\"@type\":\"BreadcrumbList\",\"@id\":\"https:\\\/\\\/protocoltoday.nl\\\/past-agenda\\\/#breadcrumb\",\"itemListElement\":[{\"@type\":\"ListItem\",\"position\":1,\"name\":\"Home\",\"item\":\"https:\\\/\\\/protocoltoday.nl\\\/\"},{\"@type\":\"ListItem\",\"position\":2,\"name\":\"Agenda pasada\"}]},{\"@type\":\"WebSite\",\"@id\":\"https:\\\/\\\/protocoltoday.nl\\\/#website\",\"url\":\"https:\\\/\\\/protocoltoday.nl\\\/\",\"name\":\"Protocol Today\",\"description\":\"Protocol &amp; Soft diplomacy consulting\",\"publisher\":{\"@id\":\"https:\\\/\\\/protocoltoday.nl\\\/#organization\"},\"potentialAction\":[{\"@type\":\"SearchAction\",\"target\":{\"@type\":\"EntryPoint\",\"urlTemplate\":\"https:\\\/\\\/protocoltoday.nl\\\/?s={search_term_string}\"},\"query-input\":{\"@type\":\"PropertyValueSpecification\",\"valueRequired\":true,\"valueName\":\"search_term_string\"}}],\"inLanguage\":\"es\"},{\"@type\":\"Organization\",\"@id\":\"https:\\\/\\\/protocoltoday.nl\\\/#organization\",\"name\":\"Protocol Today\",\"url\":\"https:\\\/\\\/protocoltoday.nl\\\/\",\"logo\":{\"@type\":\"ImageObject\",\"inLanguage\":\"es\",\"@id\":\"https:\\\/\\\/protocoltoday.nl\\\/#\\\/schema\\\/logo\\\/image\\\/\",\"url\":\"https:\\\/\\\/protocoltoday.nl\\\/wp-content\\\/uploads\\\/2021\\\/07\\\/Protocol-Today-Dark-Background-Transparency@3x.png\",\"contentUrl\":\"https:\\\/\\\/protocoltoday.nl\\\/wp-content\\\/uploads\\\/2021\\\/07\\\/Protocol-Today-Dark-Background-Transparency@3x.png\",\"width\":468,\"height\":213,\"caption\":\"Protocol Today\"},\"image\":{\"@id\":\"https:\\\/\\\/protocoltoday.nl\\\/#\\\/schema\\\/logo\\\/image\\\/\"}}]}<\/script>\n<!-- \/ Yoast SEO plugin. -->","yoast_head_json":{"title":"Agenda pasada - Protocol Today","robots":{"index":"index","follow":"follow","max-snippet":"max-snippet:-1","max-image-preview":"max-image-preview:large","max-video-preview":"max-video-preview:-1"},"canonical":"https:\/\/protocoltoday.nl\/past-agenda\/","og_locale":"es_ES","og_type":"article","og_title":"Agenda pasada - Protocol Today","og_description":"Agenda pasada Protocol ha llevado los cursos de la Academia a diversos pa\u00edses durante varios a\u00f1os. En esta p\u00e1gina se pueden ver algunos de los cursos que hemos realizado.","og_url":"https:\/\/protocoltoday.nl\/past-agenda\/","og_site_name":"Protocol Today","article_modified_time":"2026-02-13T16:11:15+00:00","twitter_card":"summary_large_image","schema":{"@context":"https:\/\/schema.org","@graph":[{"@type":"WebPage","@id":"https:\/\/protocoltoday.nl\/past-agenda\/","url":"https:\/\/protocoltoday.nl\/past-agenda\/","name":"Agenda pasada - Protocol Today","isPartOf":{"@id":"https:\/\/protocoltoday.nl\/#website"},"datePublished":"2020-05-13T10:23:59+00:00","dateModified":"2026-02-13T16:11:15+00:00","breadcrumb":{"@id":"https:\/\/protocoltoday.nl\/past-agenda\/#breadcrumb"},"inLanguage":"es","potentialAction":[{"@type":"ReadAction","target":["https:\/\/protocoltoday.nl\/past-agenda\/"]}]},{"@type":"BreadcrumbList","@id":"https:\/\/protocoltoday.nl\/past-agenda\/#breadcrumb","itemListElement":[{"@type":"ListItem","position":1,"name":"Home","item":"https:\/\/protocoltoday.nl\/"},{"@type":"ListItem","position":2,"name":"Agenda pasada"}]},{"@type":"WebSite","@id":"https:\/\/protocoltoday.nl\/#website","url":"https:\/\/protocoltoday.nl\/","name":"Protocol Today","description":"Protocol &amp; Soft diplomacy consulting","publisher":{"@id":"https:\/\/protocoltoday.nl\/#organization"},"potentialAction":[{"@type":"SearchAction","target":{"@type":"EntryPoint","urlTemplate":"https:\/\/protocoltoday.nl\/?s={search_term_string}"},"query-input":{"@type":"PropertyValueSpecification","valueRequired":true,"valueName":"search_term_string"}}],"inLanguage":"es"},{"@type":"Organization","@id":"https:\/\/protocoltoday.nl\/#organization","name":"Protocol Today","url":"https:\/\/protocoltoday.nl\/","logo":{"@type":"ImageObject","inLanguage":"es","@id":"https:\/\/protocoltoday.nl\/#\/schema\/logo\/image\/","url":"https:\/\/protocoltoday.nl\/wp-content\/uploads\/2021\/07\/Protocol-Today-Dark-Background-Transparency@3x.png","contentUrl":"https:\/\/protocoltoday.nl\/wp-content\/uploads\/2021\/07\/Protocol-Today-Dark-Background-Transparency@3x.png","width":468,"height":213,"caption":"Protocol Today"},"image":{"@id":"https:\/\/protocoltoday.nl\/#\/schema\/logo\/image\/"}}]}},"_links":{"self":[{"href":"https:\/\/protocoltoday.nl\/es\/wp-json\/wp\/v2\/pages\/1487","targetHints":{"allow":["GET"]}}],"collection":[{"href":"https:\/\/protocoltoday.nl\/es\/wp-json\/wp\/v2\/pages"}],"about":[{"href":"https:\/\/protocoltoday.nl\/es\/wp-json\/wp\/v2\/types\/page"}],"author":[{"embeddable":true,"href":"https:\/\/protocoltoday.nl\/es\/wp-json\/wp\/v2\/users\/1"}],"replies":[{"embeddable":true,"href":"https:\/\/protocoltoday.nl\/es\/wp-json\/wp\/v2\/comments?post=1487"}],"version-history":[{"count":12,"href":"https:\/\/protocoltoday.nl\/es\/wp-json\/wp\/v2\/pages\/1487\/revisions"}],"predecessor-version":[{"id":37271,"href":"https:\/\/protocoltoday.nl\/es\/wp-json\/wp\/v2\/pages\/1487\/revisions\/37271"}],"wp:attachment":[{"href":"https:\/\/protocoltoday.nl\/es\/wp-json\/wp\/v2\/media?parent=1487"}],"curies":[{"name":"wp","href":"https:\/\/api.w.org\/{rel}","templated":true}]}}