{"id":1995,"date":"2020-08-24T11:32:14","date_gmt":"2020-08-24T11:32:14","guid":{"rendered":"https:\/\/protocoltoday.nl\/contact\/newsletter\/"},"modified":"2026-02-02T16:01:13","modified_gmt":"2026-02-02T16:01:13","slug":"boletin-informativo","status":"publish","type":"page","link":"https:\/\/protocoltoday.nl\/es\/contact\/boletin-informativo\/","title":{"rendered":"Bolet\u00edn Informativo"},"content":{"rendered":"\t\t<div data-elementor-type=\"wp-page\" data-elementor-id=\"1995\" class=\"elementor elementor-1995\" data-elementor-post-type=\"page\">\n\t\t\t\t\t\t<section class=\"elementor-section elementor-top-section elementor-element elementor-element-c16b489 elementor-section-boxed elementor-section-height-default elementor-section-height-default\" data-id=\"c16b489\" data-element_type=\"section\" data-e-type=\"section\">\n\t\t\t\t\t\t<div class=\"elementor-container elementor-column-gap-default\">\n\t\t\t\t\t<div class=\"elementor-column elementor-col-100 elementor-top-column elementor-element elementor-element-69bedd9\" data-id=\"69bedd9\" data-element_type=\"column\" data-e-type=\"column\">\n\t\t\t<div class=\"elementor-widget-wrap elementor-element-populated\">\n\t\t\t\t\t\t<div class=\"elementor-element elementor-element-5a739f8 elementor-widget elementor-widget-spacer\" data-id=\"5a739f8\" data-element_type=\"widget\" data-e-type=\"widget\" data-widget_type=\"spacer.default\">\n\t\t\t\t<div class=\"elementor-widget-container\">\n\t\t\t\t\t\t\t<div class=\"elementor-spacer\">\n\t\t\t<div class=\"elementor-spacer-inner\"><\/div>\n\t\t<\/div>\n\t\t\t\t\t\t<\/div>\n\t\t\t\t<\/div>\n\t\t\t\t<div class=\"elementor-element elementor-element-6d0b72b elementor-widget elementor-widget-text-editor\" data-id=\"6d0b72b\" data-element_type=\"widget\" data-e-type=\"widget\" data-widget_type=\"text-editor.default\">\n\t\t\t\t<div class=\"elementor-widget-container\">\n\t\t\t\t\t\t\t\t\t<h2>Subscr\u00edbase a nuestro bolet\u00edn informativo<\/h2>\t\t\t\t\t\t\t\t<\/div>\n\t\t\t\t<\/div>\n\t\t\t\t\t<\/div>\n\t\t<\/div>\n\t\t\t\t\t<\/div>\n\t\t<\/section>\n\t\t\t\t<section class=\"elementor-section elementor-top-section elementor-element elementor-element-e99bdc0 elementor-section-boxed elementor-section-height-default elementor-section-height-default\" data-id=\"e99bdc0\" data-element_type=\"section\" data-e-type=\"section\">\n\t\t\t\t\t\t<div class=\"elementor-container elementor-column-gap-default\">\n\t\t\t\t\t<div class=\"elementor-column elementor-col-25 elementor-top-column elementor-element elementor-element-a8a082c\" data-id=\"a8a082c\" data-element_type=\"column\" data-e-type=\"column\">\n\t\t\t<div class=\"elementor-widget-wrap\">\n\t\t\t\t\t\t\t<\/div>\n\t\t<\/div>\n\t\t\t\t<div class=\"elementor-column elementor-col-50 elementor-top-column elementor-element elementor-element-9a4e562\" data-id=\"9a4e562\" data-element_type=\"column\" data-e-type=\"column\">\n\t\t\t<div class=\"elementor-widget-wrap elementor-element-populated\">\n\t\t\t\t\t\t<div class=\"elementor-element elementor-element-f1ff71f elementor-button-align-stretch elementor-widget elementor-widget-form\" data-id=\"f1ff71f\" data-element_type=\"widget\" data-e-type=\"widget\" data-settings=\"{&quot;step_next_label&quot;:&quot;Next&quot;,&quot;step_previous_label&quot;:&quot;Previous&quot;,&quot;button_width&quot;:&quot;100&quot;,&quot;step_type&quot;:&quot;number_text&quot;,&quot;step_icon_shape&quot;:&quot;circle&quot;}\" data-widget_type=\"form.default\">\n\t\t\t\t<div class=\"elementor-widget-container\">\n\t\t\t\t\t\t\t<form class=\"elementor-form\" method=\"post\" name=\"Registro-Boletin-informativo\" aria-label=\"Registro-Boletin-informativo\">\n\t\t\t<input type=\"hidden\" name=\"post_id\" value=\"1995\"\/>\n\t\t\t<input type=\"hidden\" name=\"form_id\" value=\"f1ff71f\"\/>\n\t\t\t<input type=\"hidden\" name=\"referer_title\" value=\"Bolet\u00edn Informativo - Protocol Today\" \/>\n\n\t\t\t\t\t\t\t<input type=\"hidden\" name=\"queried_id\" value=\"1995\"\/>\n\t\t\t\n\t\t\t<div class=\"elementor-form-fields-wrapper elementor-labels-above\">\n\t\t\t\t\t\t\t\t<div class=\"elementor-field-type-text elementor-field-group elementor-column elementor-field-group-name elementor-col-100\">\n\t\t\t\t\t\t\t\t\t\t\t\t<label for=\"form-field-name\" class=\"elementor-field-label\">\n\t\t\t\t\t\t\t\tNombre\t\t\t\t\t\t\t<\/label>\n\t\t\t\t\t\t\t\t\t\t\t\t\t\t<input size=\"1\" type=\"text\" name=\"form_fields[name]\" id=\"form-field-name\" class=\"elementor-field elementor-size-sm  elementor-field-textual\" placeholder=\"Name\">\n\t\t\t\t\t\t\t\t\t\t\t<\/div>\n\t\t\t\t\t\t\t\t<div class=\"elementor-field-type-email elementor-field-group elementor-column elementor-field-group-email elementor-col-100 elementor-field-required\">\n\t\t\t\t\t\t\t\t\t\t\t\t<label for=\"form-field-email\" class=\"elementor-field-label\">\n\t\t\t\t\t\t\t\tEmail\t\t\t\t\t\t\t<\/label>\n\t\t\t\t\t\t\t\t\t\t\t\t\t\t<input size=\"1\" type=\"email\" name=\"form_fields[email]\" id=\"form-field-email\" class=\"elementor-field elementor-size-sm  elementor-field-textual\" placeholder=\"Email\" required=\"required\">\n\t\t\t\t\t\t\t\t\t\t\t<\/div>\n\t\t\t\t\t\t\t\t<div class=\"elementor-field-group elementor-column elementor-field-type-submit elementor-col-100 e-form__buttons\">\n\t\t\t\t\t<button class=\"elementor-button elementor-size-sm\" type=\"submit\">\n\t\t\t\t\t\t<span class=\"elementor-button-content-wrapper\">\n\t\t\t\t\t\t\t\t\t\t\t\t\t\t\t<span class=\"elementor-button-icon\">\n\t\t\t\t\t\t\t\t\t<i aria-hidden=\"true\" class=\"fas fa-paper-plane\"><\/i>\t\t\t\t\t\t\t\t\t\t\t\t\t\t\t\t\t<\/span>\n\t\t\t\t\t\t\t\t\t\t\t\t\t\t\t\t\t\t\t\t\t\t<span class=\"elementor-button-text\">Subscribirse<\/span>\n\t\t\t\t\t\t\t\t\t\t\t\t\t<\/span>\n\t\t\t\t\t<\/button>\n\t\t\t\t<\/div>\n\t\t\t<\/div>\n\t\t<\/form>\n\t\t\t\t\t\t<\/div>\n\t\t\t\t<\/div>\n\t\t\t\t<div class=\"elementor-element elementor-element-ca99f44 elementor-widget elementor-widget-spacer\" data-id=\"ca99f44\" data-element_type=\"widget\" data-e-type=\"widget\" data-widget_type=\"spacer.default\">\n\t\t\t\t<div class=\"elementor-widget-container\">\n\t\t\t\t\t\t\t<div class=\"elementor-spacer\">\n\t\t\t<div class=\"elementor-spacer-inner\"><\/div>\n\t\t<\/div>\n\t\t\t\t\t\t<\/div>\n\t\t\t\t<\/div>\n\t\t\t\t\t<\/div>\n\t\t<\/div>\n\t\t\t\t<div class=\"elementor-column elementor-col-25 elementor-top-column elementor-element elementor-element-0b78807\" data-id=\"0b78807\" data-element_type=\"column\" data-e-type=\"column\">\n\t\t\t<div class=\"elementor-widget-wrap\">\n\t\t\t\t\t\t\t<\/div>\n\t\t<\/div>\n\t\t\t\t\t<\/div>\n\t\t<\/section>\n\t\t\t\t<\/div>\n\t\t","protected":false},"excerpt":{"rendered":"<p>Subscr\u00edbase a nuestro bolet\u00edn informativo<\/p>\n","protected":false},"author":1,"featured_media":0,"parent":931,"menu_order":0,"comment_status":"closed","ping_status":"closed","template":"elementor_header_footer","meta":{"_angie_page":false,"footnotes":""},"class_list":["post-1995","page","type-page","status-publish","hentry"],"yoast_head":"<!-- This site is optimized with the Yoast SEO plugin v27.4 - https:\/\/yoast.com\/product\/yoast-seo-wordpress\/ -->\n<title>Bolet\u00edn Informativo - Protocol Today<\/title>\n<meta name=\"robots\" content=\"index, follow, max-snippet:-1, max-image-preview:large, max-video-preview:-1\" \/>\n<link rel=\"canonical\" href=\"https:\/\/protocoltoday.nl\/contact\/newsletter\/\" \/>\n<meta property=\"og:locale\" content=\"es_ES\" \/>\n<meta property=\"og:type\" content=\"article\" \/>\n<meta property=\"og:title\" content=\"Bolet\u00edn Informativo - Protocol Today\" \/>\n<meta property=\"og:description\" content=\"Subscr\u00edbase a nuestro bolet\u00edn informativo\" \/>\n<meta property=\"og:url\" content=\"https:\/\/protocoltoday.nl\/contact\/newsletter\/\" \/>\n<meta property=\"og:site_name\" content=\"Protocol Today\" \/>\n<meta property=\"article:modified_time\" content=\"2026-02-02T16:01:13+00:00\" \/>\n<meta name=\"twitter:card\" content=\"summary_large_image\" \/>\n<script type=\"application\/ld+json\" class=\"yoast-schema-graph\">{\"@context\":\"https:\\\/\\\/schema.org\",\"@graph\":[{\"@type\":\"WebPage\",\"@id\":\"https:\\\/\\\/protocoltoday.nl\\\/contact\\\/newsletter\\\/\",\"url\":\"https:\\\/\\\/protocoltoday.nl\\\/contact\\\/newsletter\\\/\",\"name\":\"Bolet\u00edn Informativo - Protocol Today\",\"isPartOf\":{\"@id\":\"https:\\\/\\\/protocoltoday.nl\\\/#website\"},\"datePublished\":\"2020-08-24T11:32:14+00:00\",\"dateModified\":\"2026-02-02T16:01:13+00:00\",\"breadcrumb\":{\"@id\":\"https:\\\/\\\/protocoltoday.nl\\\/contact\\\/newsletter\\\/#breadcrumb\"},\"inLanguage\":\"es\",\"potentialAction\":[{\"@type\":\"ReadAction\",\"target\":[\"https:\\\/\\\/protocoltoday.nl\\\/contact\\\/newsletter\\\/\"]}]},{\"@type\":\"BreadcrumbList\",\"@id\":\"https:\\\/\\\/protocoltoday.nl\\\/contact\\\/newsletter\\\/#breadcrumb\",\"itemListElement\":[{\"@type\":\"ListItem\",\"position\":1,\"name\":\"Home\",\"item\":\"https:\\\/\\\/protocoltoday.nl\\\/\"},{\"@type\":\"ListItem\",\"position\":2,\"name\":\"CONTACT\",\"item\":\"https:\\\/\\\/protocoltoday.nl\\\/contact\\\/\"},{\"@type\":\"ListItem\",\"position\":3,\"name\":\"Bolet\u00edn Informativo\"}]},{\"@type\":\"WebSite\",\"@id\":\"https:\\\/\\\/protocoltoday.nl\\\/#website\",\"url\":\"https:\\\/\\\/protocoltoday.nl\\\/\",\"name\":\"Protocol Today\",\"description\":\"Protocol &amp; Soft diplomacy consulting\",\"publisher\":{\"@id\":\"https:\\\/\\\/protocoltoday.nl\\\/#organization\"},\"potentialAction\":[{\"@type\":\"SearchAction\",\"target\":{\"@type\":\"EntryPoint\",\"urlTemplate\":\"https:\\\/\\\/protocoltoday.nl\\\/?s={search_term_string}\"},\"query-input\":{\"@type\":\"PropertyValueSpecification\",\"valueRequired\":true,\"valueName\":\"search_term_string\"}}],\"inLanguage\":\"es\"},{\"@type\":\"Organization\",\"@id\":\"https:\\\/\\\/protocoltoday.nl\\\/#organization\",\"name\":\"Protocol Today\",\"url\":\"https:\\\/\\\/protocoltoday.nl\\\/\",\"logo\":{\"@type\":\"ImageObject\",\"inLanguage\":\"es\",\"@id\":\"https:\\\/\\\/protocoltoday.nl\\\/#\\\/schema\\\/logo\\\/image\\\/\",\"url\":\"https:\\\/\\\/protocoltoday.nl\\\/wp-content\\\/uploads\\\/2021\\\/07\\\/Protocol-Today-Dark-Background-Transparency@3x.png\",\"contentUrl\":\"https:\\\/\\\/protocoltoday.nl\\\/wp-content\\\/uploads\\\/2021\\\/07\\\/Protocol-Today-Dark-Background-Transparency@3x.png\",\"width\":468,\"height\":213,\"caption\":\"Protocol Today\"},\"image\":{\"@id\":\"https:\\\/\\\/protocoltoday.nl\\\/#\\\/schema\\\/logo\\\/image\\\/\"}}]}<\/script>\n<!-- \/ Yoast SEO plugin. -->","yoast_head_json":{"title":"Bolet\u00edn Informativo - Protocol Today","robots":{"index":"index","follow":"follow","max-snippet":"max-snippet:-1","max-image-preview":"max-image-preview:large","max-video-preview":"max-video-preview:-1"},"canonical":"https:\/\/protocoltoday.nl\/contact\/newsletter\/","og_locale":"es_ES","og_type":"article","og_title":"Bolet\u00edn Informativo - Protocol Today","og_description":"Subscr\u00edbase a nuestro bolet\u00edn informativo","og_url":"https:\/\/protocoltoday.nl\/contact\/newsletter\/","og_site_name":"Protocol Today","article_modified_time":"2026-02-02T16:01:13+00:00","twitter_card":"summary_large_image","schema":{"@context":"https:\/\/schema.org","@graph":[{"@type":"WebPage","@id":"https:\/\/protocoltoday.nl\/contact\/newsletter\/","url":"https:\/\/protocoltoday.nl\/contact\/newsletter\/","name":"Bolet\u00edn Informativo - Protocol Today","isPartOf":{"@id":"https:\/\/protocoltoday.nl\/#website"},"datePublished":"2020-08-24T11:32:14+00:00","dateModified":"2026-02-02T16:01:13+00:00","breadcrumb":{"@id":"https:\/\/protocoltoday.nl\/contact\/newsletter\/#breadcrumb"},"inLanguage":"es","potentialAction":[{"@type":"ReadAction","target":["https:\/\/protocoltoday.nl\/contact\/newsletter\/"]}]},{"@type":"BreadcrumbList","@id":"https:\/\/protocoltoday.nl\/contact\/newsletter\/#breadcrumb","itemListElement":[{"@type":"ListItem","position":1,"name":"Home","item":"https:\/\/protocoltoday.nl\/"},{"@type":"ListItem","position":2,"name":"CONTACT","item":"https:\/\/protocoltoday.nl\/contact\/"},{"@type":"ListItem","position":3,"name":"Bolet\u00edn Informativo"}]},{"@type":"WebSite","@id":"https:\/\/protocoltoday.nl\/#website","url":"https:\/\/protocoltoday.nl\/","name":"Protocol Today","description":"Protocol &amp; Soft diplomacy consulting","publisher":{"@id":"https:\/\/protocoltoday.nl\/#organization"},"potentialAction":[{"@type":"SearchAction","target":{"@type":"EntryPoint","urlTemplate":"https:\/\/protocoltoday.nl\/?s={search_term_string}"},"query-input":{"@type":"PropertyValueSpecification","valueRequired":true,"valueName":"search_term_string"}}],"inLanguage":"es"},{"@type":"Organization","@id":"https:\/\/protocoltoday.nl\/#organization","name":"Protocol Today","url":"https:\/\/protocoltoday.nl\/","logo":{"@type":"ImageObject","inLanguage":"es","@id":"https:\/\/protocoltoday.nl\/#\/schema\/logo\/image\/","url":"https:\/\/protocoltoday.nl\/wp-content\/uploads\/2021\/07\/Protocol-Today-Dark-Background-Transparency@3x.png","contentUrl":"https:\/\/protocoltoday.nl\/wp-content\/uploads\/2021\/07\/Protocol-Today-Dark-Background-Transparency@3x.png","width":468,"height":213,"caption":"Protocol Today"},"image":{"@id":"https:\/\/protocoltoday.nl\/#\/schema\/logo\/image\/"}}]}},"_links":{"self":[{"href":"https:\/\/protocoltoday.nl\/es\/wp-json\/wp\/v2\/pages\/1995","targetHints":{"allow":["GET"]}}],"collection":[{"href":"https:\/\/protocoltoday.nl\/es\/wp-json\/wp\/v2\/pages"}],"about":[{"href":"https:\/\/protocoltoday.nl\/es\/wp-json\/wp\/v2\/types\/page"}],"author":[{"embeddable":true,"href":"https:\/\/protocoltoday.nl\/es\/wp-json\/wp\/v2\/users\/1"}],"replies":[{"embeddable":true,"href":"https:\/\/protocoltoday.nl\/es\/wp-json\/wp\/v2\/comments?post=1995"}],"version-history":[{"count":18,"href":"https:\/\/protocoltoday.nl\/es\/wp-json\/wp\/v2\/pages\/1995\/revisions"}],"predecessor-version":[{"id":36884,"href":"https:\/\/protocoltoday.nl\/es\/wp-json\/wp\/v2\/pages\/1995\/revisions\/36884"}],"up":[{"embeddable":true,"href":"https:\/\/protocoltoday.nl\/es\/wp-json\/wp\/v2\/pages\/931"}],"wp:attachment":[{"href":"https:\/\/protocoltoday.nl\/es\/wp-json\/wp\/v2\/media?parent=1995"}],"curies":[{"name":"wp","href":"https:\/\/api.w.org\/{rel}","templated":true}]}}