{"id":4231,"date":"2021-07-07T15:11:47","date_gmt":"2021-07-07T15:11:47","guid":{"rendered":"https:\/\/protocoltoday.nl\/?page_id=4231"},"modified":"2021-07-17T14:39:57","modified_gmt":"2021-07-17T14:39:57","slug":"magazine","status":"publish","type":"page","link":"https:\/\/protocoltoday.nl\/es\/magazine\/","title":{"rendered":"MAGAZINE"},"content":{"rendered":"\t\t<div data-elementor-type=\"wp-page\" data-elementor-id=\"4231\" class=\"elementor elementor-4231\" data-elementor-post-type=\"page\">\n\t\t\t\t\t\t<section class=\"elementor-section elementor-top-section elementor-element elementor-element-5fb6916 elementor-section-boxed elementor-section-height-default elementor-section-height-default\" data-id=\"5fb6916\" data-element_type=\"section\" data-e-type=\"section\">\n\t\t\t\t\t\t<div class=\"elementor-container elementor-column-gap-default\">\n\t\t\t\t\t<div class=\"elementor-column elementor-col-100 elementor-top-column elementor-element elementor-element-34e62ab\" data-id=\"34e62ab\" data-element_type=\"column\" data-e-type=\"column\">\n\t\t\t<div class=\"elementor-widget-wrap elementor-element-populated\">\n\t\t\t\t\t\t<div class=\"elementor-element elementor-element-8e54778 elementor-widget elementor-widget-image\" data-id=\"8e54778\" data-element_type=\"widget\" data-e-type=\"widget\" data-widget_type=\"image.default\">\n\t\t\t\t<div class=\"elementor-widget-container\">\n\t\t\t\t\t\t\t\t\t\t\t\t\t\t\t<img fetchpriority=\"high\" decoding=\"async\" width=\"469\" height=\"244\" src=\"https:\/\/protocoltoday.nl\/wp-content\/uploads\/2021\/07\/Protocol-Today-MAGAZINE-W@3x.png\" class=\"attachment-large size-large wp-image-4413\" alt=\"\" srcset=\"https:\/\/protocoltoday.nl\/wp-content\/uploads\/2021\/07\/Protocol-Today-MAGAZINE-W@3x.png 469w, https:\/\/protocoltoday.nl\/wp-content\/uploads\/2021\/07\/Protocol-Today-MAGAZINE-W@3x-300x156.png 300w\" sizes=\"(max-width: 469px) 100vw, 469px\" \/>\t\t\t\t\t\t\t\t\t\t\t\t\t\t\t<\/div>\n\t\t\t\t<\/div>\n\t\t\t\t<div class=\"elementor-element elementor-element-bd86064 elementor-widget elementor-widget-text-editor\" data-id=\"bd86064\" data-element_type=\"widget\" data-e-type=\"widget\" data-widget_type=\"text-editor.default\">\n\t\t\t\t<div class=\"elementor-widget-container\">\n\t\t\t\t\t\t\t\t\t<h2>MENTALIDAD GLOBAL<\/h2><h6><em>Navegando f\u00e1cilmente por el mundo<\/em><\/h6>\t\t\t\t\t\t\t\t<\/div>\n\t\t\t\t<\/div>\n\t\t\t\t<div class=\"elementor-element elementor-element-b20a4b1 elementor-widget elementor-widget-spacer\" data-id=\"b20a4b1\" data-element_type=\"widget\" data-e-type=\"widget\" data-widget_type=\"spacer.default\">\n\t\t\t\t<div class=\"elementor-widget-container\">\n\t\t\t\t\t\t\t<div class=\"elementor-spacer\">\n\t\t\t<div class=\"elementor-spacer-inner\"><\/div>\n\t\t<\/div>\n\t\t\t\t\t\t<\/div>\n\t\t\t\t<\/div>\n\t\t\t\t<section class=\"elementor-section elementor-inner-section elementor-element elementor-element-046beb1 elementor-section-boxed elementor-section-height-default elementor-section-height-default\" data-id=\"046beb1\" data-element_type=\"section\" data-e-type=\"section\">\n\t\t\t\t\t\t<div class=\"elementor-container elementor-column-gap-default\">\n\t\t\t\t\t<div class=\"elementor-column elementor-col-50 elementor-inner-column elementor-element elementor-element-4bd9617\" data-id=\"4bd9617\" data-element_type=\"column\" data-e-type=\"column\">\n\t\t\t<div class=\"elementor-widget-wrap elementor-element-populated\">\n\t\t\t\t\t\t<div class=\"elementor-element elementor-element-e7f38c8 elementor-widget elementor-widget-text-editor\" data-id=\"e7f38c8\" data-element_type=\"widget\" data-e-type=\"widget\" data-widget_type=\"text-editor.default\">\n\t\t\t\t<div class=\"elementor-widget-container\">\n\t\t\t\t\t\t\t\t\t<h6>Estimados lectores<\/h6><h6>\u00a1Bienvenidos!<\/h6><p>Nos sentimos muy honorados por permitirnos compartir con ustedes las publicaciones de ProtocolToday Magazine\u00a9 en los idiomas ingl\u00e9s y espa\u00f1ol dirigida para ejecutivos, diplom\u00e1ticos, empresarios, consultores, estudiantes y profesionistas que aspiran a carreras en organizaciones operativas transfronterizas con el objetivo de ofrecerles un espacio de conocimiento, experiencia y reflexi\u00f3n para dar un valor agregado a su carrera profesional.<\/p>\t\t\t\t\t\t\t\t<\/div>\n\t\t\t\t<\/div>\n\t\t\t\t\t<\/div>\n\t\t<\/div>\n\t\t\t\t<div class=\"elementor-column elementor-col-50 elementor-inner-column elementor-element elementor-element-e960faa\" data-id=\"e960faa\" data-element_type=\"column\" data-e-type=\"column\">\n\t\t\t<div class=\"elementor-widget-wrap elementor-element-populated\">\n\t\t\t\t\t\t<div class=\"elementor-element elementor-element-6a37c53 elementor-widget elementor-widget-spacer\" data-id=\"6a37c53\" data-element_type=\"widget\" data-e-type=\"widget\" data-widget_type=\"spacer.default\">\n\t\t\t\t<div class=\"elementor-widget-container\">\n\t\t\t\t\t\t\t<div class=\"elementor-spacer\">\n\t\t\t<div class=\"elementor-spacer-inner\"><\/div>\n\t\t<\/div>\n\t\t\t\t\t\t<\/div>\n\t\t\t\t<\/div>\n\t\t\t\t<div class=\"elementor-element elementor-element-36f1847 elementor-widget elementor-widget-text-editor\" data-id=\"36f1847\" data-element_type=\"widget\" data-e-type=\"widget\" data-widget_type=\"text-editor.default\">\n\t\t\t\t<div class=\"elementor-widget-container\">\n\t\t\t\t\t\t\t\t\t<p>Gracias a nuestros alumnos de ProtocolToday Academy, diplom\u00e1ticos, empresarios y a otros expertos escritores de distintas especialidades y distintas nacionalidades quienes hacen posible que este importante proyecto internacional sea posible. Nuestros escritores compartir\u00e1n art\u00edculos sobre entrevistas, investigaci\u00f3n acad\u00e9mica, investigaci\u00f3n aplicada y auto-reflexi\u00f3n sobre los temas de protocolo internacional en los negocios y la diplomacia, diplomacia, inteligencia cultural internacional, etiqueta Internacional de negocios, \u00e9tica de negocios y \u00e9tica profesional.<\/p><h6><em>Un cordial saludo,<\/em><\/h6><h6><em>Equipo de ProtocolToday<\/em><\/h6>\t\t\t\t\t\t\t\t<\/div>\n\t\t\t\t<\/div>\n\t\t\t\t\t<\/div>\n\t\t<\/div>\n\t\t\t\t\t<\/div>\n\t\t<\/section>\n\t\t\t\t\t<\/div>\n\t\t<\/div>\n\t\t\t\t\t<\/div>\n\t\t<\/section>\n\t\t\t\t<section class=\"elementor-section elementor-top-section elementor-element elementor-element-38182c8 elementor-section-boxed elementor-section-height-default elementor-section-height-default\" data-id=\"38182c8\" data-element_type=\"section\" data-e-type=\"section\">\n\t\t\t\t\t\t<div class=\"elementor-container elementor-column-gap-default\">\n\t\t\t\t\t<div class=\"elementor-column elementor-col-100 elementor-top-column elementor-element elementor-element-36dbfa9\" data-id=\"36dbfa9\" data-element_type=\"column\" data-e-type=\"column\">\n\t\t\t<div class=\"elementor-widget-wrap elementor-element-populated\">\n\t\t\t\t\t\t<div class=\"elementor-element elementor-element-38101e0 elementor-widget elementor-widget-spacer\" data-id=\"38101e0\" data-element_type=\"widget\" data-e-type=\"widget\" data-widget_type=\"spacer.default\">\n\t\t\t\t<div class=\"elementor-widget-container\">\n\t\t\t\t\t\t\t<div class=\"elementor-spacer\">\n\t\t\t<div class=\"elementor-spacer-inner\"><\/div>\n\t\t<\/div>\n\t\t\t\t\t\t<\/div>\n\t\t\t\t<\/div>\n\t\t\t\t\t<\/div>\n\t\t<\/div>\n\t\t\t\t\t<\/div>\n\t\t<\/section>\n\t\t\t\t<\/div>\n\t\t","protected":false},"excerpt":{"rendered":"<p>MENTALIDAD GLOBAL Navegando f\u00e1cilmente por el mundo Estimados lectores \u00a1Bienvenidos! Nos sentimos muy honorados por permitirnos compartir con ustedes las publicaciones de ProtocolToday Magazine\u00a9 en los idiomas ingl\u00e9s y espa\u00f1ol dirigida para ejecutivos, diplom\u00e1ticos, empresarios, consultores, estudiantes y profesionistas que aspiran a carreras en organizaciones operativas transfronterizas con el objetivo de ofrecerles un espacio de [&hellip;]<\/p>\n","protected":false},"author":1,"featured_media":0,"parent":0,"menu_order":0,"comment_status":"closed","ping_status":"closed","template":"","meta":{"_angie_page":false,"footnotes":""},"class_list":["post-4231","page","type-page","status-publish","hentry"],"yoast_head":"<!-- This site is optimized with the Yoast SEO plugin v27.4 - https:\/\/yoast.com\/product\/yoast-seo-wordpress\/ -->\n<title>MAGAZINE - Protocol Today<\/title>\n<meta name=\"robots\" content=\"index, follow, max-snippet:-1, max-image-preview:large, max-video-preview:-1\" \/>\n<link rel=\"canonical\" href=\"https:\/\/protocoltoday.nl\/magazine\/\" \/>\n<meta property=\"og:locale\" content=\"es_ES\" \/>\n<meta property=\"og:type\" content=\"article\" \/>\n<meta property=\"og:title\" content=\"MAGAZINE - Protocol Today\" \/>\n<meta property=\"og:description\" content=\"MENTALIDAD GLOBAL Navegando f\u00e1cilmente por el mundo Estimados lectores \u00a1Bienvenidos! Nos sentimos muy honorados por permitirnos compartir con ustedes las publicaciones de ProtocolToday Magazine\u00a9 en los idiomas ingl\u00e9s y espa\u00f1ol dirigida para ejecutivos, diplom\u00e1ticos, empresarios, consultores, estudiantes y profesionistas que aspiran a carreras en organizaciones operativas transfronterizas con el objetivo de ofrecerles un espacio de [&hellip;]\" \/>\n<meta property=\"og:url\" content=\"https:\/\/protocoltoday.nl\/magazine\/\" \/>\n<meta property=\"og:site_name\" content=\"Protocol Today\" \/>\n<meta property=\"article:modified_time\" content=\"2021-07-17T14:39:57+00:00\" \/>\n<meta property=\"og:image\" content=\"https:\/\/protocoltoday.nl\/wp-content\/uploads\/2021\/07\/Protocol-Today-MAGAZINE-W@3x.png\" \/>\n\t<meta property=\"og:image:width\" content=\"469\" \/>\n\t<meta property=\"og:image:height\" content=\"244\" \/>\n\t<meta property=\"og:image:type\" content=\"image\/png\" \/>\n<meta name=\"twitter:card\" content=\"summary_large_image\" \/>\n<meta name=\"twitter:label1\" content=\"Tiempo de lectura\" \/>\n\t<meta name=\"twitter:data1\" content=\"1 minuto\" \/>\n<script type=\"application\/ld+json\" class=\"yoast-schema-graph\">{\"@context\":\"https:\\\/\\\/schema.org\",\"@graph\":[{\"@type\":\"WebPage\",\"@id\":\"https:\\\/\\\/protocoltoday.nl\\\/magazine\\\/\",\"url\":\"https:\\\/\\\/protocoltoday.nl\\\/magazine\\\/\",\"name\":\"MAGAZINE - Protocol Today\",\"isPartOf\":{\"@id\":\"https:\\\/\\\/protocoltoday.nl\\\/#website\"},\"primaryImageOfPage\":{\"@id\":\"https:\\\/\\\/protocoltoday.nl\\\/magazine\\\/#primaryimage\"},\"image\":{\"@id\":\"https:\\\/\\\/protocoltoday.nl\\\/magazine\\\/#primaryimage\"},\"thumbnailUrl\":\"https:\\\/\\\/protocoltoday.nl\\\/wp-content\\\/uploads\\\/2021\\\/07\\\/Protocol-Today-MAGAZINE-W@3x.png\",\"datePublished\":\"2021-07-07T15:11:47+00:00\",\"dateModified\":\"2021-07-17T14:39:57+00:00\",\"breadcrumb\":{\"@id\":\"https:\\\/\\\/protocoltoday.nl\\\/magazine\\\/#breadcrumb\"},\"inLanguage\":\"es\",\"potentialAction\":[{\"@type\":\"ReadAction\",\"target\":[\"https:\\\/\\\/protocoltoday.nl\\\/magazine\\\/\"]}]},{\"@type\":\"ImageObject\",\"inLanguage\":\"es\",\"@id\":\"https:\\\/\\\/protocoltoday.nl\\\/magazine\\\/#primaryimage\",\"url\":\"https:\\\/\\\/protocoltoday.nl\\\/wp-content\\\/uploads\\\/2021\\\/07\\\/Protocol-Today-MAGAZINE-W@3x.png\",\"contentUrl\":\"https:\\\/\\\/protocoltoday.nl\\\/wp-content\\\/uploads\\\/2021\\\/07\\\/Protocol-Today-MAGAZINE-W@3x.png\"},{\"@type\":\"BreadcrumbList\",\"@id\":\"https:\\\/\\\/protocoltoday.nl\\\/magazine\\\/#breadcrumb\",\"itemListElement\":[{\"@type\":\"ListItem\",\"position\":1,\"name\":\"Home\",\"item\":\"https:\\\/\\\/protocoltoday.nl\\\/\"},{\"@type\":\"ListItem\",\"position\":2,\"name\":\"MAGAZINE\"}]},{\"@type\":\"WebSite\",\"@id\":\"https:\\\/\\\/protocoltoday.nl\\\/#website\",\"url\":\"https:\\\/\\\/protocoltoday.nl\\\/\",\"name\":\"Protocol Today\",\"description\":\"Protocol &amp; Soft diplomacy consulting\",\"publisher\":{\"@id\":\"https:\\\/\\\/protocoltoday.nl\\\/#organization\"},\"potentialAction\":[{\"@type\":\"SearchAction\",\"target\":{\"@type\":\"EntryPoint\",\"urlTemplate\":\"https:\\\/\\\/protocoltoday.nl\\\/?s={search_term_string}\"},\"query-input\":{\"@type\":\"PropertyValueSpecification\",\"valueRequired\":true,\"valueName\":\"search_term_string\"}}],\"inLanguage\":\"es\"},{\"@type\":\"Organization\",\"@id\":\"https:\\\/\\\/protocoltoday.nl\\\/#organization\",\"name\":\"Protocol Today\",\"url\":\"https:\\\/\\\/protocoltoday.nl\\\/\",\"logo\":{\"@type\":\"ImageObject\",\"inLanguage\":\"es\",\"@id\":\"https:\\\/\\\/protocoltoday.nl\\\/#\\\/schema\\\/logo\\\/image\\\/\",\"url\":\"https:\\\/\\\/protocoltoday.nl\\\/wp-content\\\/uploads\\\/2021\\\/07\\\/Protocol-Today-Dark-Background-Transparency@3x.png\",\"contentUrl\":\"https:\\\/\\\/protocoltoday.nl\\\/wp-content\\\/uploads\\\/2021\\\/07\\\/Protocol-Today-Dark-Background-Transparency@3x.png\",\"width\":468,\"height\":213,\"caption\":\"Protocol Today\"},\"image\":{\"@id\":\"https:\\\/\\\/protocoltoday.nl\\\/#\\\/schema\\\/logo\\\/image\\\/\"}}]}<\/script>\n<!-- \/ Yoast SEO plugin. -->","yoast_head_json":{"title":"MAGAZINE - Protocol Today","robots":{"index":"index","follow":"follow","max-snippet":"max-snippet:-1","max-image-preview":"max-image-preview:large","max-video-preview":"max-video-preview:-1"},"canonical":"https:\/\/protocoltoday.nl\/magazine\/","og_locale":"es_ES","og_type":"article","og_title":"MAGAZINE - Protocol Today","og_description":"MENTALIDAD GLOBAL Navegando f\u00e1cilmente por el mundo Estimados lectores \u00a1Bienvenidos! Nos sentimos muy honorados por permitirnos compartir con ustedes las publicaciones de ProtocolToday Magazine\u00a9 en los idiomas ingl\u00e9s y espa\u00f1ol dirigida para ejecutivos, diplom\u00e1ticos, empresarios, consultores, estudiantes y profesionistas que aspiran a carreras en organizaciones operativas transfronterizas con el objetivo de ofrecerles un espacio de [&hellip;]","og_url":"https:\/\/protocoltoday.nl\/magazine\/","og_site_name":"Protocol Today","article_modified_time":"2021-07-17T14:39:57+00:00","og_image":[{"width":469,"height":244,"url":"https:\/\/protocoltoday.nl\/wp-content\/uploads\/2021\/07\/Protocol-Today-MAGAZINE-W@3x.png","type":"image\/png"}],"twitter_card":"summary_large_image","twitter_misc":{"Tiempo de lectura":"1 minuto"},"schema":{"@context":"https:\/\/schema.org","@graph":[{"@type":"WebPage","@id":"https:\/\/protocoltoday.nl\/magazine\/","url":"https:\/\/protocoltoday.nl\/magazine\/","name":"MAGAZINE - Protocol Today","isPartOf":{"@id":"https:\/\/protocoltoday.nl\/#website"},"primaryImageOfPage":{"@id":"https:\/\/protocoltoday.nl\/magazine\/#primaryimage"},"image":{"@id":"https:\/\/protocoltoday.nl\/magazine\/#primaryimage"},"thumbnailUrl":"https:\/\/protocoltoday.nl\/wp-content\/uploads\/2021\/07\/Protocol-Today-MAGAZINE-W@3x.png","datePublished":"2021-07-07T15:11:47+00:00","dateModified":"2021-07-17T14:39:57+00:00","breadcrumb":{"@id":"https:\/\/protocoltoday.nl\/magazine\/#breadcrumb"},"inLanguage":"es","potentialAction":[{"@type":"ReadAction","target":["https:\/\/protocoltoday.nl\/magazine\/"]}]},{"@type":"ImageObject","inLanguage":"es","@id":"https:\/\/protocoltoday.nl\/magazine\/#primaryimage","url":"https:\/\/protocoltoday.nl\/wp-content\/uploads\/2021\/07\/Protocol-Today-MAGAZINE-W@3x.png","contentUrl":"https:\/\/protocoltoday.nl\/wp-content\/uploads\/2021\/07\/Protocol-Today-MAGAZINE-W@3x.png"},{"@type":"BreadcrumbList","@id":"https:\/\/protocoltoday.nl\/magazine\/#breadcrumb","itemListElement":[{"@type":"ListItem","position":1,"name":"Home","item":"https:\/\/protocoltoday.nl\/"},{"@type":"ListItem","position":2,"name":"MAGAZINE"}]},{"@type":"WebSite","@id":"https:\/\/protocoltoday.nl\/#website","url":"https:\/\/protocoltoday.nl\/","name":"Protocol Today","description":"Protocol &amp; Soft diplomacy consulting","publisher":{"@id":"https:\/\/protocoltoday.nl\/#organization"},"potentialAction":[{"@type":"SearchAction","target":{"@type":"EntryPoint","urlTemplate":"https:\/\/protocoltoday.nl\/?s={search_term_string}"},"query-input":{"@type":"PropertyValueSpecification","valueRequired":true,"valueName":"search_term_string"}}],"inLanguage":"es"},{"@type":"Organization","@id":"https:\/\/protocoltoday.nl\/#organization","name":"Protocol Today","url":"https:\/\/protocoltoday.nl\/","logo":{"@type":"ImageObject","inLanguage":"es","@id":"https:\/\/protocoltoday.nl\/#\/schema\/logo\/image\/","url":"https:\/\/protocoltoday.nl\/wp-content\/uploads\/2021\/07\/Protocol-Today-Dark-Background-Transparency@3x.png","contentUrl":"https:\/\/protocoltoday.nl\/wp-content\/uploads\/2021\/07\/Protocol-Today-Dark-Background-Transparency@3x.png","width":468,"height":213,"caption":"Protocol Today"},"image":{"@id":"https:\/\/protocoltoday.nl\/#\/schema\/logo\/image\/"}}]}},"_links":{"self":[{"href":"https:\/\/protocoltoday.nl\/es\/wp-json\/wp\/v2\/pages\/4231","targetHints":{"allow":["GET"]}}],"collection":[{"href":"https:\/\/protocoltoday.nl\/es\/wp-json\/wp\/v2\/pages"}],"about":[{"href":"https:\/\/protocoltoday.nl\/es\/wp-json\/wp\/v2\/types\/page"}],"author":[{"embeddable":true,"href":"https:\/\/protocoltoday.nl\/es\/wp-json\/wp\/v2\/users\/1"}],"replies":[{"embeddable":true,"href":"https:\/\/protocoltoday.nl\/es\/wp-json\/wp\/v2\/comments?post=4231"}],"version-history":[{"count":80,"href":"https:\/\/protocoltoday.nl\/es\/wp-json\/wp\/v2\/pages\/4231\/revisions"}],"predecessor-version":[{"id":5982,"href":"https:\/\/protocoltoday.nl\/es\/wp-json\/wp\/v2\/pages\/4231\/revisions\/5982"}],"wp:attachment":[{"href":"https:\/\/protocoltoday.nl\/es\/wp-json\/wp\/v2\/media?parent=4231"}],"curies":[{"name":"wp","href":"https:\/\/api.w.org\/{rel}","templated":true}]}}