{"id":996,"date":"2020-05-04T13:18:22","date_gmt":"2020-05-04T13:18:22","guid":{"rendered":"https:\/\/protocoltoday.nl\/?page_id=996"},"modified":"2026-03-16T16:51:23","modified_gmt":"2026-03-16T16:51:23","slug":"training-programs-for-government-officials","status":"publish","type":"page","link":"https:\/\/protocoltoday.nl\/es\/training-programs-for-government-officials\/","title":{"rendered":"TRAINING PROGRAMS FOR GOVERNMENT OFFICIALS"},"content":{"rendered":"\t\t<div data-elementor-type=\"wp-post\" data-elementor-id=\"996\" class=\"elementor elementor-996\" data-elementor-post-type=\"page\">\n\t\t\t\t\t\t<section class=\"elementor-section elementor-top-section elementor-element elementor-element-75c5ba0 elementor-section-stretched elementor-section-height-min-height elementor-section-boxed elementor-section-height-default elementor-section-items-middle\" data-id=\"75c5ba0\" data-element_type=\"section\" data-e-type=\"section\" data-settings=\"{&quot;stretch_section&quot;:&quot;section-stretched&quot;,&quot;background_background&quot;:&quot;classic&quot;}\">\n\t\t\t\t\t\t\t<div class=\"elementor-background-overlay\"><\/div>\n\t\t\t\t\t\t\t<div class=\"elementor-container elementor-column-gap-default\">\n\t\t\t\t\t<div class=\"elementor-column elementor-col-100 elementor-top-column elementor-element elementor-element-d0445e3\" data-id=\"d0445e3\" data-element_type=\"column\" data-e-type=\"column\">\n\t\t\t<div class=\"elementor-widget-wrap elementor-element-populated\">\n\t\t\t\t\t\t<div class=\"elementor-element elementor-element-f4ed6ee elementor-widget elementor-widget-heading\" data-id=\"f4ed6ee\" data-element_type=\"widget\" data-e-type=\"widget\" data-widget_type=\"heading.default\">\n\t\t\t\t<div class=\"elementor-widget-container\">\n\t\t\t\t\t<h2 class=\"elementor-heading-title elementor-size-default\">TRAINING PROGRAMS FOR GOVERNMENT OFFICIALS<\/h2>\t\t\t\t<\/div>\n\t\t\t\t<\/div>\n\t\t\t\t\t<\/div>\n\t\t<\/div>\n\t\t\t\t\t<\/div>\n\t\t<\/section>\n\t\t\t\t<section class=\"elementor-section elementor-top-section elementor-element elementor-element-b1ee7b2 elementor-section-boxed elementor-section-height-default elementor-section-height-default\" data-id=\"b1ee7b2\" data-element_type=\"section\" data-e-type=\"section\">\n\t\t\t\t\t\t<div class=\"elementor-container elementor-column-gap-default\">\n\t\t\t\t\t<div class=\"elementor-column elementor-col-100 elementor-top-column elementor-element elementor-element-6f279d0\" data-id=\"6f279d0\" data-element_type=\"column\" data-e-type=\"column\">\n\t\t\t<div class=\"elementor-widget-wrap elementor-element-populated\">\n\t\t\t\t\t\t<div class=\"elementor-element elementor-element-5a7634d elementor-widget elementor-widget-spacer\" data-id=\"5a7634d\" data-element_type=\"widget\" data-e-type=\"widget\" data-widget_type=\"spacer.default\">\n\t\t\t\t<div class=\"elementor-widget-container\">\n\t\t\t\t\t\t\t<div class=\"elementor-spacer\">\n\t\t\t<div class=\"elementor-spacer-inner\"><\/div>\n\t\t<\/div>\n\t\t\t\t\t\t<\/div>\n\t\t\t\t<\/div>\n\t\t\t\t\t<\/div>\n\t\t<\/div>\n\t\t\t\t\t<\/div>\n\t\t<\/section>\n\t\t\t\t<section class=\"elementor-section elementor-top-section elementor-element elementor-element-7471257 elementor-section-boxed elementor-section-height-default elementor-section-height-default\" data-id=\"7471257\" data-element_type=\"section\" data-e-type=\"section\">\n\t\t\t\t\t\t<div class=\"elementor-container elementor-column-gap-default\">\n\t\t\t\t\t<div class=\"elementor-column elementor-col-50 elementor-top-column elementor-element elementor-element-187f2a5\" data-id=\"187f2a5\" data-element_type=\"column\" data-e-type=\"column\">\n\t\t\t<div class=\"elementor-widget-wrap\">\n\t\t\t\t\t\t\t<\/div>\n\t\t<\/div>\n\t\t\t\t<div class=\"elementor-column elementor-col-50 elementor-top-column elementor-element elementor-element-039912b\" data-id=\"039912b\" data-element_type=\"column\" data-e-type=\"column\">\n\t\t\t<div class=\"elementor-widget-wrap elementor-element-populated\">\n\t\t\t\t\t\t<div class=\"elementor-element elementor-element-ef3aada elementor-widget elementor-widget-text-editor\" data-id=\"ef3aada\" data-element_type=\"widget\" data-e-type=\"widget\" data-widget_type=\"text-editor.default\">\n\t\t\t\t<div class=\"elementor-widget-container\">\n\t\t\t\t\t\t\t\t\t<p><span class=\"s1\">Nuestros programas masterclass les permiten a los ejecutivos representarse a s\u00ed mismos y a su organizaci\u00f3n con excelencia, distinci\u00f3n y capacidades para construir puentes culturales y diplom\u00e1ticos.<\/span><\/p>\t\t\t\t\t\t\t\t<\/div>\n\t\t\t\t<\/div>\n\t\t\t\t\t<\/div>\n\t\t<\/div>\n\t\t\t\t\t<\/div>\n\t\t<\/section>\n\t\t\t\t<section class=\"elementor-section elementor-top-section elementor-element elementor-element-f7570d1 elementor-section-boxed elementor-section-height-default elementor-section-height-default\" data-id=\"f7570d1\" data-element_type=\"section\" data-e-type=\"section\">\n\t\t\t\t\t\t<div class=\"elementor-container elementor-column-gap-default\">\n\t\t\t\t\t<div class=\"elementor-column elementor-col-100 elementor-top-column elementor-element elementor-element-b04c8ba\" data-id=\"b04c8ba\" data-element_type=\"column\" data-e-type=\"column\">\n\t\t\t<div class=\"elementor-widget-wrap elementor-element-populated\">\n\t\t\t\t\t\t<div class=\"elementor-element elementor-element-a88d4bb elementor-widget elementor-widget-spacer\" data-id=\"a88d4bb\" data-element_type=\"widget\" data-e-type=\"widget\" data-widget_type=\"spacer.default\">\n\t\t\t\t<div class=\"elementor-widget-container\">\n\t\t\t\t\t\t\t<div class=\"elementor-spacer\">\n\t\t\t<div class=\"elementor-spacer-inner\"><\/div>\n\t\t<\/div>\n\t\t\t\t\t\t<\/div>\n\t\t\t\t<\/div>\n\t\t\t\t\t<\/div>\n\t\t<\/div>\n\t\t\t\t\t<\/div>\n\t\t<\/section>\n\t\t\t\t<section class=\"elementor-section elementor-top-section elementor-element elementor-element-1d4891b elementor-section-boxed elementor-section-height-default elementor-section-height-default\" data-id=\"1d4891b\" data-element_type=\"section\" data-e-type=\"section\" data-settings=\"{&quot;background_background&quot;:&quot;classic&quot;}\">\n\t\t\t\t\t\t<div class=\"elementor-container elementor-column-gap-default\">\n\t\t\t\t\t<div class=\"elementor-column elementor-col-50 elementor-top-column elementor-element elementor-element-be10710\" data-id=\"be10710\" data-element_type=\"column\" data-e-type=\"column\">\n\t\t\t<div class=\"elementor-widget-wrap elementor-element-populated\">\n\t\t\t\t\t\t<div class=\"elementor-element elementor-element-c910627 elementor-widget elementor-widget-text-editor\" data-id=\"c910627\" data-element_type=\"widget\" data-e-type=\"widget\" data-widget_type=\"text-editor.default\">\n\t\t\t\t<div class=\"elementor-widget-container\">\n\t\t\t\t\t\t\t\t\t<h2>Etiqueta de Negocios en Los Pa\u00edses Bajos<\/h2>\t\t\t\t\t\t\t\t<\/div>\n\t\t\t\t<\/div>\n\t\t\t\t\t<\/div>\n\t\t<\/div>\n\t\t\t\t<div class=\"elementor-column elementor-col-50 elementor-top-column elementor-element elementor-element-6a8749e\" data-id=\"6a8749e\" data-element_type=\"column\" data-e-type=\"column\">\n\t\t\t<div class=\"elementor-widget-wrap elementor-element-populated\">\n\t\t\t\t\t\t<div class=\"elementor-element elementor-element-89f5184 elementor-widget elementor-widget-text-editor\" data-id=\"89f5184\" data-element_type=\"widget\" data-e-type=\"widget\" data-widget_type=\"text-editor.default\">\n\t\t\t\t<div class=\"elementor-widget-container\">\n\t\t\t\t\t\t\t\t\t<p><b>Temas clave:<\/b><\/p><ul><li>La sobriedad holandesa: \u00abDoe Normal\u00bb;<\/li><li>Comunicaci\u00f3n empresarial en los Pa\u00edses Bajos;<\/li><li>Protocolo y Etiqueta de tarjeta de visita;<\/li><li>Pr\u00e1cticas: puntualidad e introducciones;<\/li><li>Gesti\u00f3n de relaciones: Lenguaje corporal, apret\u00f3n de manos y contacto en los negocios.<\/li><\/ul>\t\t\t\t\t\t\t\t<\/div>\n\t\t\t\t<\/div>\n\t\t\t\t\t<\/div>\n\t\t<\/div>\n\t\t\t\t\t<\/div>\n\t\t<\/section>\n\t\t\t\t<section class=\"elementor-section elementor-top-section elementor-element elementor-element-6058c7c7 elementor-section-boxed elementor-section-height-default elementor-section-height-default\" data-id=\"6058c7c7\" data-element_type=\"section\" data-e-type=\"section\">\n\t\t\t\t\t\t<div class=\"elementor-container elementor-column-gap-default\">\n\t\t\t\t\t<div class=\"elementor-column elementor-col-33 elementor-top-column elementor-element elementor-element-2a660729\" data-id=\"2a660729\" data-element_type=\"column\" data-e-type=\"column\">\n\t\t\t<div class=\"elementor-widget-wrap\">\n\t\t\t\t\t\t\t<\/div>\n\t\t<\/div>\n\t\t\t\t<div class=\"elementor-column elementor-col-33 elementor-top-column elementor-element elementor-element-59834b2a\" data-id=\"59834b2a\" data-element_type=\"column\" data-e-type=\"column\">\n\t\t\t<div class=\"elementor-widget-wrap elementor-element-populated\">\n\t\t\t\t\t\t<div class=\"elementor-element elementor-element-611983c9 elementor-widget elementor-widget-spacer\" data-id=\"611983c9\" data-element_type=\"widget\" data-e-type=\"widget\" data-widget_type=\"spacer.default\">\n\t\t\t\t<div class=\"elementor-widget-container\">\n\t\t\t\t\t\t\t<div class=\"elementor-spacer\">\n\t\t\t<div class=\"elementor-spacer-inner\"><\/div>\n\t\t<\/div>\n\t\t\t\t\t\t<\/div>\n\t\t\t\t<\/div>\n\t\t\t\t<div class=\"elementor-element elementor-element-5edcd45b elementor-align-center elementor-widget elementor-widget-button\" data-id=\"5edcd45b\" data-element_type=\"widget\" data-e-type=\"widget\" data-widget_type=\"button.default\">\n\t\t\t\t<div class=\"elementor-widget-container\">\n\t\t\t\t\t\t\t\t\t<div class=\"elementor-button-wrapper\">\n\t\t\t\t\t<a class=\"elementor-button elementor-button-link elementor-size-md\" href=\"https:\/\/protocoltoday.nl\/es\/registro-aliados-estrategicos-media-partner-3\/\" target=\"_blank\">\n\t\t\t\t\t\t<span class=\"elementor-button-content-wrapper\">\n\t\t\t\t\t\t<span class=\"elementor-button-icon\">\n\t\t\t\t<i aria-hidden=\"true\" class=\"far fa-edit\"><\/i>\t\t\t<\/span>\n\t\t\t\t\t\t\t\t\t<span class=\"elementor-button-text\">Solicitar m\u00e1s informaci\u00f3n<\/span>\n\t\t\t\t\t<\/span>\n\t\t\t\t\t<\/a>\n\t\t\t\t<\/div>\n\t\t\t\t\t\t\t\t<\/div>\n\t\t\t\t<\/div>\n\t\t\t\t\t<\/div>\n\t\t<\/div>\n\t\t\t\t<div class=\"elementor-column elementor-col-33 elementor-top-column elementor-element elementor-element-3f74c37b\" data-id=\"3f74c37b\" data-element_type=\"column\" data-e-type=\"column\">\n\t\t\t<div class=\"elementor-widget-wrap\">\n\t\t\t\t\t\t\t<\/div>\n\t\t<\/div>\n\t\t\t\t\t<\/div>\n\t\t<\/section>\n\t\t\t\t<section class=\"elementor-section elementor-top-section elementor-element elementor-element-a48888a elementor-section-boxed elementor-section-height-default elementor-section-height-default\" data-id=\"a48888a\" data-element_type=\"section\" data-e-type=\"section\">\n\t\t\t\t\t\t<div class=\"elementor-container elementor-column-gap-default\">\n\t\t\t\t\t<div class=\"elementor-column elementor-col-50 elementor-top-column elementor-element elementor-element-33500d6\" data-id=\"33500d6\" data-element_type=\"column\" data-e-type=\"column\">\n\t\t\t<div class=\"elementor-widget-wrap elementor-element-populated\">\n\t\t\t\t\t\t<div class=\"elementor-element elementor-element-52071ce elementor-widget elementor-widget-text-editor\" data-id=\"52071ce\" data-element_type=\"widget\" data-e-type=\"widget\" data-widget_type=\"text-editor.default\">\n\t\t\t\t<div class=\"elementor-widget-container\">\n\t\t\t\t\t\t\t\t\t<h2>Perspectivas en la Econom\u00eda &amp; la Estructura en el Marco Comercial en los Pa\u00edses Bajos<\/h2>\t\t\t\t\t\t\t\t<\/div>\n\t\t\t\t<\/div>\n\t\t\t\t\t<\/div>\n\t\t<\/div>\n\t\t\t\t<div class=\"elementor-column elementor-col-50 elementor-top-column elementor-element elementor-element-14a1320\" data-id=\"14a1320\" data-element_type=\"column\" data-e-type=\"column\">\n\t\t\t<div class=\"elementor-widget-wrap elementor-element-populated\">\n\t\t\t\t\t\t<div class=\"elementor-element elementor-element-3c25a2f elementor-widget elementor-widget-text-editor\" data-id=\"3c25a2f\" data-element_type=\"widget\" data-e-type=\"widget\" data-widget_type=\"text-editor.default\">\n\t\t\t\t<div class=\"elementor-widget-container\">\n\t\t\t\t\t\t\t\t\t<p><b>Temas clave:<\/b><\/p><ul><li>Estructura geoecon\u00f3mica de los Pa\u00edses Bajos;<\/li><li>El marco de innovaci\u00f3n holand\u00e9s;<\/li><li>Pol\u00edtica del sector superior;<\/li><li>Organizaciones gubernamentales y privadas; activas en emprendimiento y negocios internacionales;<\/li><li>Herramientas de financiamiento.<\/li><\/ul>\t\t\t\t\t\t\t\t<\/div>\n\t\t\t\t<\/div>\n\t\t\t\t\t<\/div>\n\t\t<\/div>\n\t\t\t\t\t<\/div>\n\t\t<\/section>\n\t\t\t\t<section class=\"elementor-section elementor-top-section elementor-element elementor-element-78035c elementor-section-boxed elementor-section-height-default elementor-section-height-default\" data-id=\"78035c\" data-element_type=\"section\" data-e-type=\"section\">\n\t\t\t\t\t\t<div class=\"elementor-container elementor-column-gap-default\">\n\t\t\t\t\t<div class=\"elementor-column elementor-col-100 elementor-top-column elementor-element elementor-element-33e186bc\" data-id=\"33e186bc\" data-element_type=\"column\" data-e-type=\"column\">\n\t\t\t<div class=\"elementor-widget-wrap elementor-element-populated\">\n\t\t\t\t\t\t<div class=\"elementor-element elementor-element-196fa6d5 elementor-widget elementor-widget-spacer\" data-id=\"196fa6d5\" data-element_type=\"widget\" data-e-type=\"widget\" data-widget_type=\"spacer.default\">\n\t\t\t\t<div class=\"elementor-widget-container\">\n\t\t\t\t\t\t\t<div class=\"elementor-spacer\">\n\t\t\t<div class=\"elementor-spacer-inner\"><\/div>\n\t\t<\/div>\n\t\t\t\t\t\t<\/div>\n\t\t\t\t<\/div>\n\t\t\t\t<div class=\"elementor-element elementor-element-52ca68d7 elementor-align-center elementor-widget elementor-widget-button\" data-id=\"52ca68d7\" data-element_type=\"widget\" data-e-type=\"widget\" data-widget_type=\"button.default\">\n\t\t\t\t<div class=\"elementor-widget-container\">\n\t\t\t\t\t\t\t\t\t<div class=\"elementor-button-wrapper\">\n\t\t\t\t\t<a class=\"elementor-button elementor-button-link elementor-size-sm\" href=\"https:\/\/protocoltoday.nl\/es\/registro-aliados-estrategicos-media-partner-3\/\" target=\"_blank\">\n\t\t\t\t\t\t<span class=\"elementor-button-content-wrapper\">\n\t\t\t\t\t\t<span class=\"elementor-button-icon\">\n\t\t\t\t<i aria-hidden=\"true\" class=\"fas fa-graduation-cap\"><\/i>\t\t\t<\/span>\n\t\t\t\t\t\t\t\t\t<span class=\"elementor-button-text\">Solicitar m\u00e1s informaci\u00f3n<\/span>\n\t\t\t\t\t<\/span>\n\t\t\t\t\t<\/a>\n\t\t\t\t<\/div>\n\t\t\t\t\t\t\t\t<\/div>\n\t\t\t\t<\/div>\n\t\t\t\t<div class=\"elementor-element elementor-element-749215cb elementor-widget elementor-widget-spacer\" data-id=\"749215cb\" data-element_type=\"widget\" data-e-type=\"widget\" data-widget_type=\"spacer.default\">\n\t\t\t\t<div class=\"elementor-widget-container\">\n\t\t\t\t\t\t\t<div class=\"elementor-spacer\">\n\t\t\t<div class=\"elementor-spacer-inner\"><\/div>\n\t\t<\/div>\n\t\t\t\t\t\t<\/div>\n\t\t\t\t<\/div>\n\t\t\t\t\t<\/div>\n\t\t<\/div>\n\t\t\t\t\t<\/div>\n\t\t<\/section>\n\t\t\t\t<\/div>\n\t\t","protected":false},"excerpt":{"rendered":"<p>TRAINING PROGRAMS FOR GOVERNMENT OFFICIALS Nuestros programas masterclass les permiten a los ejecutivos representarse a s\u00ed mismos y a su organizaci\u00f3n con excelencia, distinci\u00f3n y capacidades para construir puentes culturales y diplom\u00e1ticos. Etiqueta de Negocios en Los Pa\u00edses Bajos Temas clave: La sobriedad holandesa: \u00abDoe Normal\u00bb; Comunicaci\u00f3n empresarial en los Pa\u00edses Bajos; Protocolo y Etiqueta [&hellip;]<\/p>\n","protected":false},"author":1,"featured_media":0,"parent":0,"menu_order":0,"comment_status":"closed","ping_status":"closed","template":"","meta":{"_angie_page":false,"footnotes":""},"class_list":["post-996","page","type-page","status-publish","hentry"],"yoast_head":"<!-- This site is optimized with the Yoast SEO plugin v27.4 - https:\/\/yoast.com\/product\/yoast-seo-wordpress\/ -->\n<title>TRAINING PROGRAMS FOR GOVERNMENT OFFICIALS - Protocol Today<\/title>\n<meta name=\"robots\" content=\"index, follow, max-snippet:-1, max-image-preview:large, max-video-preview:-1\" \/>\n<link rel=\"canonical\" href=\"https:\/\/protocoltoday.nl\/training-programs-for-diplomats-executives-working-in-the-netherlands\/\" \/>\n<meta property=\"og:locale\" content=\"es_ES\" \/>\n<meta property=\"og:type\" content=\"article\" \/>\n<meta property=\"og:title\" content=\"TRAINING PROGRAMS FOR GOVERNMENT OFFICIALS - Protocol Today\" \/>\n<meta property=\"og:description\" content=\"TRAINING PROGRAMS FOR GOVERNMENT OFFICIALS Nuestros programas masterclass les permiten a los ejecutivos representarse a s\u00ed mismos y a su organizaci\u00f3n con excelencia, distinci\u00f3n y capacidades para construir puentes culturales y diplom\u00e1ticos. Etiqueta de Negocios en Los Pa\u00edses Bajos Temas clave: La sobriedad holandesa: \u00abDoe Normal\u00bb; Comunicaci\u00f3n empresarial en los Pa\u00edses Bajos; Protocolo y Etiqueta [&hellip;]\" \/>\n<meta property=\"og:url\" content=\"https:\/\/protocoltoday.nl\/training-programs-for-diplomats-executives-working-in-the-netherlands\/\" \/>\n<meta property=\"og:site_name\" content=\"Protocol Today\" \/>\n<meta property=\"article:modified_time\" content=\"2026-03-16T16:51:23+00:00\" \/>\n<meta name=\"twitter:card\" content=\"summary_large_image\" \/>\n<meta name=\"twitter:label1\" content=\"Tiempo de lectura\" \/>\n\t<meta name=\"twitter:data1\" content=\"1 minuto\" \/>\n<script type=\"application\/ld+json\" class=\"yoast-schema-graph\">{\"@context\":\"https:\\\/\\\/schema.org\",\"@graph\":[{\"@type\":\"WebPage\",\"@id\":\"https:\\\/\\\/protocoltoday.nl\\\/training-programs-for-diplomats-executives-working-in-the-netherlands\\\/\",\"url\":\"https:\\\/\\\/protocoltoday.nl\\\/training-programs-for-diplomats-executives-working-in-the-netherlands\\\/\",\"name\":\"TRAINING PROGRAMS FOR GOVERNMENT OFFICIALS - Protocol Today\",\"isPartOf\":{\"@id\":\"https:\\\/\\\/protocoltoday.nl\\\/#website\"},\"datePublished\":\"2020-05-04T13:18:22+00:00\",\"dateModified\":\"2026-03-16T16:51:23+00:00\",\"breadcrumb\":{\"@id\":\"https:\\\/\\\/protocoltoday.nl\\\/training-programs-for-diplomats-executives-working-in-the-netherlands\\\/#breadcrumb\"},\"inLanguage\":\"es\",\"potentialAction\":[{\"@type\":\"ReadAction\",\"target\":[\"https:\\\/\\\/protocoltoday.nl\\\/training-programs-for-diplomats-executives-working-in-the-netherlands\\\/\"]}]},{\"@type\":\"BreadcrumbList\",\"@id\":\"https:\\\/\\\/protocoltoday.nl\\\/training-programs-for-diplomats-executives-working-in-the-netherlands\\\/#breadcrumb\",\"itemListElement\":[{\"@type\":\"ListItem\",\"position\":1,\"name\":\"Home\",\"item\":\"https:\\\/\\\/protocoltoday.nl\\\/\"},{\"@type\":\"ListItem\",\"position\":2,\"name\":\"TRAINING PROGRAMS FOR GOVERNMENT OFFICIALS\"}]},{\"@type\":\"WebSite\",\"@id\":\"https:\\\/\\\/protocoltoday.nl\\\/#website\",\"url\":\"https:\\\/\\\/protocoltoday.nl\\\/\",\"name\":\"Protocol Today\",\"description\":\"Protocol &amp; Soft diplomacy consulting\",\"publisher\":{\"@id\":\"https:\\\/\\\/protocoltoday.nl\\\/#organization\"},\"potentialAction\":[{\"@type\":\"SearchAction\",\"target\":{\"@type\":\"EntryPoint\",\"urlTemplate\":\"https:\\\/\\\/protocoltoday.nl\\\/?s={search_term_string}\"},\"query-input\":{\"@type\":\"PropertyValueSpecification\",\"valueRequired\":true,\"valueName\":\"search_term_string\"}}],\"inLanguage\":\"es\"},{\"@type\":\"Organization\",\"@id\":\"https:\\\/\\\/protocoltoday.nl\\\/#organization\",\"name\":\"Protocol Today\",\"url\":\"https:\\\/\\\/protocoltoday.nl\\\/\",\"logo\":{\"@type\":\"ImageObject\",\"inLanguage\":\"es\",\"@id\":\"https:\\\/\\\/protocoltoday.nl\\\/#\\\/schema\\\/logo\\\/image\\\/\",\"url\":\"https:\\\/\\\/protocoltoday.nl\\\/wp-content\\\/uploads\\\/2021\\\/07\\\/Protocol-Today-Dark-Background-Transparency@3x.png\",\"contentUrl\":\"https:\\\/\\\/protocoltoday.nl\\\/wp-content\\\/uploads\\\/2021\\\/07\\\/Protocol-Today-Dark-Background-Transparency@3x.png\",\"width\":468,\"height\":213,\"caption\":\"Protocol Today\"},\"image\":{\"@id\":\"https:\\\/\\\/protocoltoday.nl\\\/#\\\/schema\\\/logo\\\/image\\\/\"}}]}<\/script>\n<!-- \/ Yoast SEO plugin. -->","yoast_head_json":{"title":"TRAINING PROGRAMS FOR GOVERNMENT OFFICIALS - Protocol Today","robots":{"index":"index","follow":"follow","max-snippet":"max-snippet:-1","max-image-preview":"max-image-preview:large","max-video-preview":"max-video-preview:-1"},"canonical":"https:\/\/protocoltoday.nl\/training-programs-for-diplomats-executives-working-in-the-netherlands\/","og_locale":"es_ES","og_type":"article","og_title":"TRAINING PROGRAMS FOR GOVERNMENT OFFICIALS - Protocol Today","og_description":"TRAINING PROGRAMS FOR GOVERNMENT OFFICIALS Nuestros programas masterclass les permiten a los ejecutivos representarse a s\u00ed mismos y a su organizaci\u00f3n con excelencia, distinci\u00f3n y capacidades para construir puentes culturales y diplom\u00e1ticos. Etiqueta de Negocios en Los Pa\u00edses Bajos Temas clave: La sobriedad holandesa: \u00abDoe Normal\u00bb; Comunicaci\u00f3n empresarial en los Pa\u00edses Bajos; Protocolo y Etiqueta [&hellip;]","og_url":"https:\/\/protocoltoday.nl\/training-programs-for-diplomats-executives-working-in-the-netherlands\/","og_site_name":"Protocol Today","article_modified_time":"2026-03-16T16:51:23+00:00","twitter_card":"summary_large_image","twitter_misc":{"Tiempo de lectura":"1 minuto"},"schema":{"@context":"https:\/\/schema.org","@graph":[{"@type":"WebPage","@id":"https:\/\/protocoltoday.nl\/training-programs-for-diplomats-executives-working-in-the-netherlands\/","url":"https:\/\/protocoltoday.nl\/training-programs-for-diplomats-executives-working-in-the-netherlands\/","name":"TRAINING PROGRAMS FOR GOVERNMENT OFFICIALS - Protocol Today","isPartOf":{"@id":"https:\/\/protocoltoday.nl\/#website"},"datePublished":"2020-05-04T13:18:22+00:00","dateModified":"2026-03-16T16:51:23+00:00","breadcrumb":{"@id":"https:\/\/protocoltoday.nl\/training-programs-for-diplomats-executives-working-in-the-netherlands\/#breadcrumb"},"inLanguage":"es","potentialAction":[{"@type":"ReadAction","target":["https:\/\/protocoltoday.nl\/training-programs-for-diplomats-executives-working-in-the-netherlands\/"]}]},{"@type":"BreadcrumbList","@id":"https:\/\/protocoltoday.nl\/training-programs-for-diplomats-executives-working-in-the-netherlands\/#breadcrumb","itemListElement":[{"@type":"ListItem","position":1,"name":"Home","item":"https:\/\/protocoltoday.nl\/"},{"@type":"ListItem","position":2,"name":"TRAINING PROGRAMS FOR GOVERNMENT OFFICIALS"}]},{"@type":"WebSite","@id":"https:\/\/protocoltoday.nl\/#website","url":"https:\/\/protocoltoday.nl\/","name":"Protocol Today","description":"Protocol &amp; Soft diplomacy consulting","publisher":{"@id":"https:\/\/protocoltoday.nl\/#organization"},"potentialAction":[{"@type":"SearchAction","target":{"@type":"EntryPoint","urlTemplate":"https:\/\/protocoltoday.nl\/?s={search_term_string}"},"query-input":{"@type":"PropertyValueSpecification","valueRequired":true,"valueName":"search_term_string"}}],"inLanguage":"es"},{"@type":"Organization","@id":"https:\/\/protocoltoday.nl\/#organization","name":"Protocol Today","url":"https:\/\/protocoltoday.nl\/","logo":{"@type":"ImageObject","inLanguage":"es","@id":"https:\/\/protocoltoday.nl\/#\/schema\/logo\/image\/","url":"https:\/\/protocoltoday.nl\/wp-content\/uploads\/2021\/07\/Protocol-Today-Dark-Background-Transparency@3x.png","contentUrl":"https:\/\/protocoltoday.nl\/wp-content\/uploads\/2021\/07\/Protocol-Today-Dark-Background-Transparency@3x.png","width":468,"height":213,"caption":"Protocol Today"},"image":{"@id":"https:\/\/protocoltoday.nl\/#\/schema\/logo\/image\/"}}]}},"_links":{"self":[{"href":"https:\/\/protocoltoday.nl\/es\/wp-json\/wp\/v2\/pages\/996","targetHints":{"allow":["GET"]}}],"collection":[{"href":"https:\/\/protocoltoday.nl\/es\/wp-json\/wp\/v2\/pages"}],"about":[{"href":"https:\/\/protocoltoday.nl\/es\/wp-json\/wp\/v2\/types\/page"}],"author":[{"embeddable":true,"href":"https:\/\/protocoltoday.nl\/es\/wp-json\/wp\/v2\/users\/1"}],"replies":[{"embeddable":true,"href":"https:\/\/protocoltoday.nl\/es\/wp-json\/wp\/v2\/comments?post=996"}],"version-history":[{"count":50,"href":"https:\/\/protocoltoday.nl\/es\/wp-json\/wp\/v2\/pages\/996\/revisions"}],"predecessor-version":[{"id":37510,"href":"https:\/\/protocoltoday.nl\/es\/wp-json\/wp\/v2\/pages\/996\/revisions\/37510"}],"wp:attachment":[{"href":"https:\/\/protocoltoday.nl\/es\/wp-json\/wp\/v2\/media?parent=996"}],"curies":[{"name":"wp","href":"https:\/\/api.w.org\/{rel}","templated":true}]}}